{"id":166,"date":"2018-12-23T13:09:46","date_gmt":"2018-12-23T13:09:46","guid":{"rendered":"https:\/\/orga-support.gflr.de\/?page_id=166"},"modified":"2022-03-06T13:38:44","modified_gmt":"2022-03-06T13:38:44","slug":"sicherheit","status":"publish","type":"page","link":"https:\/\/orga-support.gflr.de\/?page_id=166","title":{"rendered":"Sicherheit"},"content":{"rendered":"\n<p>Live-Rollenspiel ist an sich ein sicheres Hobby, bei dem zum Gl\u00fcck und entgegen dem, was man eigentlich annehmen m\u00fcsste, recht wenig passiert. Das bedeutet jedoch nicht, dass wir als Organisator*innen das Thema Sicherheit nicht beachten m\u00fcssten oder au\u00dfen vor lassen k\u00f6nnen.<\/p>\n\n\n\n<p>Insbesondere in Bezug auf versicherungstechnische Fragen und Fragen der Haftung ist es wichtig, sich als Orga mit diesem Thema auseinanderzusetzen und sich dabei an anderen professionellen Veranstaltern zu orientieren.<\/p>\n\n\n\n<p>Dazu stellen wir euch hier einige Dokumente zur Verf\u00fcgung, die euch helfen k\u00f6nnen, ein Sicherheitskonzept f\u00fcr eure Veranstaltung zu entwickeln.<\/p>\n\n\n\n<div class=\"wp-block-file\"><a href=\"https:\/\/orga-support.gflr.de\/wp-content\/uploads\/2022\/03\/GfLR-Muster-Veranstaltungs-und-Notfallkonzept-2022_01_06.docx\">Muster-Sicherheitskonzept<\/a><a href=\"https:\/\/orga-support.gflr.de\/wp-content\/uploads\/2022\/03\/GfLR-Muster-Veranstaltungs-und-Notfallkonzept-2022_01_06.docx\" class=\"wp-block-file__button\" download>Herunterladen<\/a><\/div>\n\n\n\n<p>Zur allgemeinen Info hat eines unserer Mitglieder in 2013 einmal eine Sicherheitsanalyse zu LARP und seinen klassischen Sicherheitsrisiken erstellt. Diese findet ihr <a href=\"https:\/\/www.gflr.de\/publikationen\/larp-sicherheitsanalyse\/\">hier auf unserer Homepage<\/a>.<\/p>\n\n\n\n<hr class=\"wp-block-separator\"\/>\n\n\n\n<h4 class=\"wp-block-heading\">Netzwerk Safety in LARP<\/h4>\n\n\n\n<p>Da Sicherheit aber ja nicht nur etwas mit Bauvorschriften und Waffenchecks zu tun hat, sondern auch mit psychischer und emotionaler Gesundheit, hat der <a rel=\"noreferrer noopener\" aria-label=\"Deutscher Liverollenspiel-Verband (\u00f6ffnet in neuem Tab)\" href=\"https:\/\/www.dlrv.eu\/\" target=\"_blank\">Deutscher Liverollenspiel-Verband<\/a> das <strong>Safety in LARP-Netzwerk<\/strong> ins Leben gerufen. Was das ist und wie ihr euch daran beteiligen k\u00f6nnt findet ihr hier: <a rel=\"noreferrer noopener\" aria-label=\"Netzwerk Safety in LARP (\u00f6ffnet in neuem Tab)\" href=\"https:\/\/www.dlrv.eu\/projekte__trashed\/netzwerk-safety-in-larp\/\" target=\"_blank\">Netzwerk Safety in LARP<\/a><\/p>\n","protected":false},"excerpt":{"rendered":"<p>Live-Rollenspiel ist an sich ein sicheres Hobby, bei dem zum Gl\u00fcck und entgegen dem, was man eigentlich annehmen m\u00fcsste, recht wenig passiert. Das bedeutet jedoch nicht, dass wir als Organisator*innen das Thema Sicherheit nicht beachten m\u00fcssten oder au\u00dfen vor lassen k\u00f6nnen. Insbesondere in Bezug auf versicherungstechnische Fragen und Fragen der Haftung ist es wichtig, sich &hellip; <\/p>\n","protected":false},"author":1,"featured_media":0,"parent":0,"menu_order":0,"comment_status":"closed","ping_status":"closed","template":"","meta":{"footnotes":""},"_links":{"self":[{"href":"https:\/\/orga-support.gflr.de\/index.php?rest_route=\/wp\/v2\/pages\/166"}],"collection":[{"href":"https:\/\/orga-support.gflr.de\/index.php?rest_route=\/wp\/v2\/pages"}],"about":[{"href":"https:\/\/orga-support.gflr.de\/index.php?rest_route=\/wp\/v2\/types\/page"}],"author":[{"embeddable":true,"href":"https:\/\/orga-support.gflr.de\/index.php?rest_route=\/wp\/v2\/users\/1"}],"replies":[{"embeddable":true,"href":"https:\/\/orga-support.gflr.de\/index.php?rest_route=%2Fwp%2Fv2%2Fcomments&post=166"}],"version-history":[{"count":7,"href":"https:\/\/orga-support.gflr.de\/index.php?rest_route=\/wp\/v2\/pages\/166\/revisions"}],"predecessor-version":[{"id":382,"href":"https:\/\/orga-support.gflr.de\/index.php?rest_route=\/wp\/v2\/pages\/166\/revisions\/382"}],"wp:attachment":[{"href":"https:\/\/orga-support.gflr.de\/index.php?rest_route=%2Fwp%2Fv2%2Fmedia&parent=166"}],"curies":[{"name":"wp","href":"https:\/\/api.w.org\/{rel}","templated":true}]}}