{"id":18,"date":"2018-12-21T09:46:59","date_gmt":"2018-12-21T09:46:59","guid":{"rendered":"https:\/\/orga-support.gflr.de\/?page_id=18"},"modified":"2022-07-30T13:57:20","modified_gmt":"2022-07-30T13:57:20","slug":"vereinsarbeit","status":"publish","type":"page","link":"https:\/\/orga-support.gflr.de\/?page_id=18","title":{"rendered":"Vereinsarbeit"},"content":{"rendered":"\n<p>Auf dieser Seite geht es um die <strong>allgemeinen Aspekte der Vereinsarbeit<\/strong>, die nicht unmittelbar mit der Organisation von Projekten zu tun haben. Ihr findet auf dieser Seite Dokumente, Tipps und Anregungen, die wir f\u00fcr unseren Verein verwenden und die nat\u00fcrlich keine Allgemeing\u00fcltigkeit haben.<\/p>\n\n\n\n<p>Trotzdem k\u00f6nnen sie euch als Orientierung dienen und ihr d\u00fcrft sie gerne f\u00fcr euren Verein verwenden. Bei Fragen wendet euch bitte, wenn nicht anders angegeben,\u00a0an die 1. Vorsitzende Kim Scholz unter &#49;&#x2e;&#118;&#x6f;r&#x73;t&#97;&#x6e;&#100;&#x40;&#103;&#x66;l&#x72;&#46;&#100;&#x65;.<\/p>\n\n\n\n<hr class=\"wp-block-separator\"\/>\n\n\n\n<h4 class=\"wp-block-heading\">Inhalt dieser Seite:<\/h4>\n\n\n\n<p>Beim Herunterscrollen findet ihr Dokumente und Erkl\u00e4rungen zu folgenden Themen <em>(bitte zum Herunterladen den Firefox-Browser verwenden!)<\/em>:<\/p>\n\n\n\n<ul><li>Gesch\u00e4ftsordnungen von Vorstand und Mitgliederversammlung<\/li><li>Vereinsbuchhaltung<\/li><li>Leitbild eines Vereins<\/li><\/ul>\n\n\n\n<hr class=\"wp-block-separator\"\/>\n\n\n\n<h4 class=\"wp-block-heading\">Gesch\u00e4ftsordnungen<\/h4>\n\n\n\n<p>In unserer Satzung, wie in vielen anderen wahrscheinlich auch, ist festgelegt, dass sich der Vorstand und die Mitgliederversammlung eine Gesch\u00e4ftsordnung geben. Dies dient zur Regelung von Abl\u00e4ufen, die nicht in der Satzung festgelegt sind, bei denen es aber trotzdem sinnvoll ist, sie schriftlich zu regeln.<\/p>\n\n\n\n<p>Unter diesem Link findet ihr schonmal die <a href=\"https:\/\/www.gflr.de\/wp-content\/uploads\/2018\/12\/Gesch%C3%A4ftsordnung-des-Vorstandes-der-GfLReV.pdf\">Gesch\u00e4ftsordnung des Vorstands<\/a>.<\/p>\n\n\n\n<p>Und hier die <a href=\"https:\/\/www.gflr.de\/wp-content\/uploads\/2019\/05\/Gesch%C3%A4ftsordnung-der-Mitgliederversammlung-der-GfLR-e.V..pdf\">Gesch\u00e4ftsordnung der Mitgliederversammlung.<\/a><\/p>\n\n\n\n<hr class=\"wp-block-separator\"\/>\n\n\n\n<h4 class=\"wp-block-heading\">Vereinsbuchhaltung<\/h4>\n\n\n\n<p>Wir verwenden zur Abrechnung unserer Projekte und auch unseres Vereins eine Buchhaltungssoftware namens \u201elexoffice\u201c. Dies tun wir zum einen, weil auf diese Art die monatliche Umsatzsteuervoranmeldung und die Einnahmen\u00fcberschussrechnung (E\u00dcR) am Jahresende relativ einfach zu erledigen sind. Zum anderen ist dadurch die finanzielle Koordination der Projekte und die damit einhergehende Buchhaltung auch f\u00fcr die Projektleitungen recht einfach zu bewerkstelligen. Das Programm ist verglichen mit anderen Programmen recht g\u00fcnstig und l\u00e4sst sich gut auf die Bed\u00fcrfnisse eines gemeinn\u00fctzigen Vereins zuschneiden.<\/p>\n\n\n\n<p>F\u00fcr Vereine und Orgas, die kein solches Buchhaltungsprogramm verwenden, eignet sich eine klassische Abrechnung mit Excel. Ein Beispiel f\u00fcr eine Projektabrechnung findet ihr hier. Diese kann entsprechend an die Vereinsabrechnung angepasst werden.<\/p>\n\n\n\n<div class=\"wp-block-file\"><a href=\"https:\/\/orga-support.gflr.de\/wp-content\/uploads\/2018\/12\/Muster-Abrechnung-Projekte-2018_11.xls\">Muster-Abrechnung-Projekte Excel-Datei<\/a><a href=\"https:\/\/orga-support.gflr.de\/wp-content\/uploads\/2018\/12\/Muster-Abrechnung-Projekte-2018_11.xls\" class=\"wp-block-file__button\" download>Herunterladen<\/a><\/div>\n\n\n\n<div class=\"wp-block-file\"><a href=\"https:\/\/orga-support.gflr.de\/wp-content\/uploads\/2018\/12\/Hinweise-zur-Abrechnung.pdf\">Hinweise zur Abrechnung<\/a><a href=\"https:\/\/orga-support.gflr.de\/wp-content\/uploads\/2018\/12\/Hinweise-zur-Abrechnung.pdf\" class=\"wp-block-file__button\" download>Herunterladen<\/a><\/div>\n\n\n\n<hr class=\"wp-block-separator\"\/>\n\n\n\n<h4 class=\"wp-block-heading\">Leitbild<\/h4>\n\n\n\n<p>Als Erkl\u00e4rung daf\u00fcr, was ein Leitbild ist, findet Wikipedia folgende Worte:<br>\n\u201eEin <strong>Leitbild<\/strong> ist eine schriftliche Erkl\u00e4rung einer Organisation \u00fcber ihr Selbstverst\u00e4ndnis und ihre Grundprinzipien. Es formuliert einen Zielzustand (<em>Realistisches Idealbild<\/em>). Nach innen soll ein Leitbild Orientierung geben und somit handlungsleitend und motivierend f\u00fcr die Organisation als Ganzes sowie auf die einzelnen Mitglieder wirken. Nach au\u00dfen (\u00d6ffentlichkeit, Kunden) soll es deutlich machen, wof\u00fcr eine Organisation steht. Es ist eine Basis f\u00fcr die Corporate Identity einer Organisation. Ein Leitbild beschreibt die Mission und Vision einer Organisation sowie die angestrebte Organisationskultur. Es ist Teil des normativen Managements und bildet den Rahmen f\u00fcr Strategien, Ziele und operatives Handeln.\u201c<br>\n<em>Quelle: <a href=\"https:\/\/de.wikipedia.org\/wiki\/Unternehmensleitbild\" target=\"_blank\" rel=\"noreferrer noopener\">https:\/\/de.wikipedia.org\/wiki\/Unternehmensleitbild<\/a>&nbsp;vom 25.07.2017, 10.24 Uhr<\/em><\/p>\n\n\n\n<p>Das Leitbild \u2013 bei manchen Orgas auch unter dem Begriff <em>\u201eSpielphilosophie\u201c<\/em> verortet \u2013 gibt an, was wir als Verein wollen, was unsere Ziele sind und auch was Teilnehmer_innen von unseren Veranstaltungen und von uns erwarten k\u00f6nnen. Ein Verein gibt sich durch ein Leitbild ein Profil und eine Orientierung. Es ist jedem Verein, insbesondere den gemeinn\u00fctzigen,&nbsp;zu empfehlen, sich ein Leitbild zu erstellen und f\u00fcr sich einmal zu schauen, was denn eigentlich die Ausrichtung und Vision des Vereins ist. Unser Leitbild findet ihr hier:<strong> <a rel=\"noreferrer noopener\" href=\"https:\/\/www.gflr.de\/verein\/unser-leitbild-2\/\" target=\"_blank\">Leitbild GfLR e.V.<\/a><\/strong><\/p>\n\n\n\n<p>Au\u00dferdem hat der DLRV in Kooperation mit der GfLR e.V. und dem Waldritter e.V. ein allgemeines Leitbild f\u00fcr LARP entwickelt, dass wir voll unterst\u00fctzen und das ihr hier zum Nachlesen findet: <a href=\"https:\/\/www.dlrv.eu\/leitbild\/\" target=\"_blank\" rel=\"noreferrer noopener\" aria-label=\"Leitbild LARP (\u00f6ffnet in neuem Tab)\"><strong>Leitbild LARP<\/strong><\/a><\/p>\n","protected":false},"excerpt":{"rendered":"<p>Auf dieser Seite geht es um die allgemeinen Aspekte der Vereinsarbeit, die nicht unmittelbar mit der Organisation von Projekten zu tun haben. Ihr findet auf dieser Seite Dokumente, Tipps und Anregungen, die wir f\u00fcr unseren Verein verwenden und die nat\u00fcrlich keine Allgemeing\u00fcltigkeit haben. Trotzdem k\u00f6nnen sie euch als Orientierung dienen und ihr d\u00fcrft sie gerne &hellip; <\/p>\n","protected":false},"author":1,"featured_media":0,"parent":0,"menu_order":0,"comment_status":"closed","ping_status":"closed","template":"","meta":{"footnotes":""},"_links":{"self":[{"href":"https:\/\/orga-support.gflr.de\/index.php?rest_route=\/wp\/v2\/pages\/18"}],"collection":[{"href":"https:\/\/orga-support.gflr.de\/index.php?rest_route=\/wp\/v2\/pages"}],"about":[{"href":"https:\/\/orga-support.gflr.de\/index.php?rest_route=\/wp\/v2\/types\/page"}],"author":[{"embeddable":true,"href":"https:\/\/orga-support.gflr.de\/index.php?rest_route=\/wp\/v2\/users\/1"}],"replies":[{"embeddable":true,"href":"https:\/\/orga-support.gflr.de\/index.php?rest_route=%2Fwp%2Fv2%2Fcomments&post=18"}],"version-history":[{"count":14,"href":"https:\/\/orga-support.gflr.de\/index.php?rest_route=\/wp\/v2\/pages\/18\/revisions"}],"predecessor-version":[{"id":386,"href":"https:\/\/orga-support.gflr.de\/index.php?rest_route=\/wp\/v2\/pages\/18\/revisions\/386"}],"wp:attachment":[{"href":"https:\/\/orga-support.gflr.de\/index.php?rest_route=%2Fwp%2Fv2%2Fmedia&parent=18"}],"curies":[{"name":"wp","href":"https:\/\/api.w.org\/{rel}","templated":true}]}}