{"id":20,"date":"2018-12-21T09:47:39","date_gmt":"2018-12-21T09:47:39","guid":{"rendered":"https:\/\/orga-support.gflr.de\/?page_id=20"},"modified":"2018-12-23T12:51:37","modified_gmt":"2018-12-23T12:51:37","slug":"projektmanagement","status":"publish","type":"page","link":"https:\/\/orga-support.gflr.de\/?page_id=20","title":{"rendered":"Projektmanagement"},"content":{"rendered":"\n<p>Um neuen Projektleitungen und Au\u00dfenstehenden unsere Projektabl\u00e4ufe n\u00e4her zu bringen und nicht alles einzeln kommunizieren zu m\u00fcssen, haben wir ein Prozesshandbuch &#8222;Projekte in der GfLR e.V.&#8220; verfasst, in dem alle Prozesse eines solchen Projektes &#8211; also z.B. einer Live-Rollenspielveranstaltung und deren Organisation &#8211; beschrieben sind.<\/p>\n\n\n\n<p>Dieses Prozesshandbuch bezieht sich lediglich auf die Projekte der GfLR e.V. und sicherlich weicht das Vorgehen bei uns von den Prozessen und Abl\u00e4ufen in anderen Vereinen und Orgas ab.<\/p>\n\n\n\n<p>Dennoch kann es vielleicht gerade f\u00fcr Orga-Anf\u00e4nger bei der Organisation von Live-Rollenspielen eine Hilfe sein und ihr seid herzlich eingeladen, euch das Prozesshandbuch herunterzuladen und euch daraus zu bedienen.<\/p>\n\n\n\n<p>Prozesshandbuch &#8222;Projekte in der GfLR e.V.&#8220; &#8211; folgt<\/p>\n","protected":false},"excerpt":{"rendered":"<p>Um neuen Projektleitungen und Au\u00dfenstehenden unsere Projektabl\u00e4ufe n\u00e4her zu bringen und nicht alles einzeln kommunizieren zu m\u00fcssen, haben wir ein Prozesshandbuch &#8222;Projekte in der GfLR e.V.&#8220; verfasst, in dem alle Prozesse eines solchen Projektes &#8211; also z.B. einer Live-Rollenspielveranstaltung und deren Organisation &#8211; beschrieben sind. Dieses Prozesshandbuch bezieht sich lediglich auf die Projekte der GfLR &hellip; <\/p>\n","protected":false},"author":1,"featured_media":0,"parent":0,"menu_order":0,"comment_status":"closed","ping_status":"closed","template":"","meta":{"footnotes":""},"class_list":["post-20","page","type-page","status-publish","hentry"],"_links":{"self":[{"href":"https:\/\/orga-support.gflr.de\/index.php?rest_route=\/wp\/v2\/pages\/20","targetHints":{"allow":["GET"]}}],"collection":[{"href":"https:\/\/orga-support.gflr.de\/index.php?rest_route=\/wp\/v2\/pages"}],"about":[{"href":"https:\/\/orga-support.gflr.de\/index.php?rest_route=\/wp\/v2\/types\/page"}],"author":[{"embeddable":true,"href":"https:\/\/orga-support.gflr.de\/index.php?rest_route=\/wp\/v2\/users\/1"}],"replies":[{"embeddable":true,"href":"https:\/\/orga-support.gflr.de\/index.php?rest_route=%2Fwp%2Fv2%2Fcomments&post=20"}],"version-history":[{"count":3,"href":"https:\/\/orga-support.gflr.de\/index.php?rest_route=\/wp\/v2\/pages\/20\/revisions"}],"predecessor-version":[{"id":162,"href":"https:\/\/orga-support.gflr.de\/index.php?rest_route=\/wp\/v2\/pages\/20\/revisions\/162"}],"wp:attachment":[{"href":"https:\/\/orga-support.gflr.de\/index.php?rest_route=%2Fwp%2Fv2%2Fmedia&parent=20"}],"curies":[{"name":"wp","href":"https:\/\/api.w.org\/{rel}","templated":true}]}}