{"id":26,"date":"2018-12-21T09:49:50","date_gmt":"2018-12-21T09:49:50","guid":{"rendered":"https:\/\/orga-support.gflr.de\/?page_id=26"},"modified":"2022-07-30T14:02:38","modified_gmt":"2022-07-30T14:02:38","slug":"datenschutz","status":"publish","type":"page","link":"https:\/\/orga-support.gflr.de\/?page_id=26","title":{"rendered":"Datenschutz"},"content":{"rendered":"\n<h1 class=\"wp-block-heading\">Datenschutzerkl\u00e4rung<\/h1>\n\n\n\n<p>Die unten aufgef\u00fchrte Datenschutzerkl\u00e4rung bezieht sich auf die URL https:\/\/www.gflr.de<\/p>\n\n\n\n<p>Unsere Datenschutzerkl\u00e4rung f\u00fcr Mitglieder und Teilnehmer*innen an den Projekten der GfLR e.V. findet ihr hier&nbsp;zum Lesen und Herunterladen:&nbsp;<a href=\"https:\/\/www.gflr.de\/wp-content\/uploads\/2018\/04\/Datenschutzerkl\u00e4rung_Mitglieder-und-Teilnehmer.pdf\">Datenschutzerkl\u00e4rung_Mitglieder und Teilnehmer<\/a><\/p>\n\n\n\n<p><em>Verantwortlicher:<\/em><\/p>\n\n\n\n<p>Gesellschaft f\u00fcr Live-Rollenspiel e.V.<br> Am Wingertsberg 1<br> 55234 Nack, Deutschland<\/p>\n\n\n\n<p>Vereinsregister Nr. 2721 Amtsgericht Hagen<br>\nE-Mailadresse: inf&#111;&#64;&#103;&#x66;&#x6c;&#x72;&#x2e;&#x64;&#x65;<\/p>\n\n\n\n<p>Stand: 04.05.2018<\/p>\n\n\n\n<ol><li><strong>Grunds\u00e4tzliche Angaben zur Datenverarbeitung und Rechtsgrundlagen<\/strong><br>\n<strong>1.1.<\/strong> Diese Datenschutzerkl\u00e4rung kl\u00e4rt Sie \u00fcber die Art, den Umfang und Zweck der Verarbeitung von personenbezogenen Daten innerhalb unseres Onlineangebotes und der mit ihm verbundenen Webseiten, Funktionen und Inhalte (nachfolgend gemeinsam bezeichnet als \u201eOnlineangebot\u201c oder \u201eWebsite\u201c) auf. Die Datenschutzerkl\u00e4rung gilt unabh\u00e4ngig von den verwendeten Domains, Systemen, Plattformen und Ger\u00e4ten (z.B. Desktop oder Mobile) auf denen das Onlineangebot ausgef\u00fchrt wird.<br>\n<strong>1.2.<\/strong> Die verwendeten Begrifflichkeiten, wie z.B. \u201epersonenbezogene Daten\u201c oder deren \u201eVerarbeitung\u201c verweisen wir auf die Definitionen im Art. 4 der Datenschutzgrundverordnung (DSGVO).<br>\n<strong>1.3.<\/strong> Die verwendeten Begrifflichkeiten, wie z.B. \u201eNutzer\u201c sind geschlechtsneutral zu verstehen.<br>\n<strong>1.4.<\/strong> Wir verarbeiten personenbezogene Daten der Nutzer nur unter Einhaltung der einschl\u00e4gigen Datenschutzbestimmungen. Das bedeutet, die Daten der Nutzer werden nur bei Vorliegen einer gesetzlichen Erlaubnis verarbeitet. D.h., insbesondere wenn die Datenverarbeitung zur Erbringung unserer vertraglichen Leistungen (z.B. Bearbeitung von Auftr\u00e4gen) sowie Online-Services erforderlich, bzw. gesetzlich vorgeschrieben ist, eine Einwilligung der Nutzer vorliegt, als auch aufgrund unserer berechtigten Interessen (d.h. Interesse an der Analyse, Optimierung und wirtschaftlichem Betrieb und Sicherheit unseres Onlineangebotes im Sinne des Art. 6 Abs. 1 lit. f. DSGVO, insbesondere bei der Reichweitenmessung, Erstellung von Profilen zu Werbe- und Marketingzwecken sowie Erhebung von Zugriffsdaten und Einsatz der Dienste von Drittanbietern.<br>\n<strong>1.5.<\/strong> Wir weisen darauf hin, dass die Rechtsgrundlage der Einwilligungen Art. 6 Abs. 1 lit. a. und Art. 7 DSGVO, die Rechtsgrundlage f\u00fcr die Verarbeitung zur Erf\u00fcllung unserer Leistungen und Durchf\u00fchrung vertraglicher Ma\u00dfnahmen Art. 6 Abs. 1 lit. b. DSGVO, die Rechtsgrundlage f\u00fcr die Verarbeitung zur Erf\u00fcllung unserer rechtlichen Verpflichtungen Art. 6 Abs. 1 lit. c. DSGVO, und die Rechtsgrundlage f\u00fcr die Verarbeitung zur Wahrung unserer berechtigten Interessen Art. 6 Abs. 1 lit. f. DSGVO ist.<\/li><li><strong>Sicherheitsma\u00dfnahmen<\/strong><br>\n<strong>2.1. <\/strong>Wir treffen organisatorische, vertragliche und technische Sicherheitsma\u00dfnahmen entsprechend dem Stand der Technik, um sicherzustellen, dass die Vorschriften der Datenschutzgesetze eingehalten werden und um damit die durch uns verarbeiteten Daten gegen zuf\u00e4llige oder vors\u00e4tzliche Manipulationen, Verlust, Zerst\u00f6rung oder gegen den Zugriff unberechtigter Personen zu sch\u00fctzen.<br>\n<strong>2.2.<\/strong> Zu den Sicherheitsma\u00dfnahmen geh\u00f6rt insbesondere die verschl\u00fcsselte \u00dcbertragung von Daten zwischen Ihrem Browser und unserem Server.<\/li><li><strong>Weitergabe von Daten an Dritte und Drittanbieter<\/strong><br>\n<strong>3.1.<\/strong> Eine Weitergabe von Daten an Dritte erfolgt nur im Rahmen der gesetzlichen Vorgaben. Wir geben die Daten der Nutzer an Dritte nur dann weiter, wenn dies z.B. auf Grundlage des Art. 6 Abs. 1 lit. b) DSGVO f\u00fcr Vertragszwecke erforderlich ist oder auf Grundlage berechtigter Interessen gem. Art. 6 Abs. 1 lit. f. DSGVO an wirtschaftlichem und effektivem Betrieb unseres Gesch\u00e4ftsbetriebes.<br>\n<strong>3.2.<\/strong> Sofern wir Subunternehmer einsetzen, um unsere Leistungen bereitzustellen, ergreifen wir geeignete rechtliche Vorkehrungen sowie entsprechende technische und organisatorische Ma\u00dfnahmen, um f\u00fcr den Schutz der personenbezogenen Daten gem\u00e4\u00df den einschl\u00e4gigen gesetzlichen Vorschriften zu sorgen.<br>\n<strong>3.3.<\/strong> Sofern im Rahmen dieser Datenschutzerkl\u00e4rung Inhalte, Werkzeuge oder sonstige Mittel von anderen Anbietern (nachfolgend gemeinsam bezeichnet als \u201eDrittanbieter\u201c) eingesetzt werden und deren genannter Sitz sich in einem Drittland befindet, ist davon auszugehen, dass ein Datentransfer in die Sitzstaaten der Drittanbieter stattfindet. Als Drittstaaten sind L\u00e4nder zu verstehen, in denen die DSGVO kein unmittelbar geltendes Recht ist, d.h. grunds\u00e4tzlich L\u00e4nder au\u00dferhalb der EU, bzw. des Europ\u00e4ischen Wirtschaftsraums. Die \u00dcbermittlung von Daten in Drittstaaten erfolgt entweder, wenn ein angemessenes Datenschutzniveau, eine Einwilligung der Nutzer oder sonst eine gesetzliche Erlaubnis vorliegt.<\/li><li><strong>Kontaktaufnahme<\/strong><br>\n<strong>4.1.<\/strong> Bei der Kontaktaufnahme mit uns (per Kontaktformular oder E-Mail) werden die Angaben des Nutzers zur Bearbeitung der Kontaktanfrage und deren Abwicklung gem. Art. 6 Abs. 1 lit. b) DSGVO verarbeitet.<\/li><li><strong>Erhebung von Zugriffsdaten und Logfiles<\/strong><br>\n<strong>5.1.<\/strong> Wir erheben auf Grundlage unserer berechtigten Interessen im Sinne des Art. 6 Abs. 1 lit. f. DSGVO Daten \u00fcber jeden Zugriff auf den Server, auf dem sich dieser Dienst befindet (sogenannte Serverlogfiles). Zu den Zugriffsdaten geh\u00f6ren Name der abgerufenen Webseite, Datei, Datum und Uhrzeit des Abrufs, \u00fcbertragene Datenmenge, Meldung \u00fcber erfolgreichen Abruf, Browsertyp nebst Version, das Betriebssystem des Nutzers, Referrer URL (die zuvor besuchte Seite), IP-Adresse und der anfragende Provider.<br>\n<strong>5.2.<\/strong> Logfile-Informationen werden aus Sicherheitsgr\u00fcnden (z.B. zur Aufkl\u00e4rung von Missbrauchs- oder Betrugshandlungen) f\u00fcr die Dauer von maximal sieben Tagen gespeichert und danach gel\u00f6scht. Daten, deren weitere Aufbewahrung zu Beweiszwecken erforderlich ist, sind bis zur endg\u00fcltigen Kl\u00e4rung des jeweiligen Vorfalls von der L\u00f6schung ausgenommen.<\/li><li><strong>Einbindung von Diensten und Inhalten Dritter<\/strong><br>\n<strong>6.1.<\/strong> Wir setzen innerhalb unseres Onlineangebotes auf Grundlage unserer berechtigten Interessen (d.h. Interesse an der Analyse, Optimierung und wirtschaftlichem Betrieb unseres Onlineangebotes im Sinne des Art. 6 Abs. 1 lit. f. DSGVO) Inhalts- oder Serviceangebote von Drittanbietern ein, um deren Inhalte und Services, wie z.B. Videos oder Schriftarten einzubinden (nachfolgend einheitlich bezeichnet als \u201cInhalte\u201d). Dies setzt immer voraus, dass die Drittanbieter dieser Inhalte, die IP-Adresse der Nutzer wahrnehmen, da sie ohne die IP-Adresse die Inhalte nicht an deren Browser senden k\u00f6nnten. Die IP-Adresse ist damit f\u00fcr die Darstellung dieser Inhalte erforderlich. Wir bem\u00fchen uns nur solche Inhalte zu verwenden, deren jeweilige Anbieter die IP-Adresse lediglich zur Auslieferung der Inhalte verwenden. Drittanbieter k\u00f6nnen ferner so genannte Pixel-Tags (unsichtbare Grafiken, auch als \u201eWeb Beacons\u201c bezeichnet) f\u00fcr statistische oder Marketingzwecke verwenden. Durch die \u201ePixel-Tags\u201c k\u00f6nnen Informationen, wie der Besucherverkehr auf den Seiten dieser Website ausgewertet werden. Die pseudonymen Informationen k\u00f6nnen ferner in Cookies auf dem Ger\u00e4t der Nutzer gespeichert werden und unter anderem technische Informationen zum Browser und Betriebssystem, verweisende Webseiten, Besuchszeit sowie weitere Angaben zur Nutzung unseres Onlineangebotes enthalten, als auch mit solchen Informationen aus anderen Quellen verbunden werden k\u00f6nnen.<br>\n<strong>6.2.<\/strong> Die nachfolgende Darstellung bietet eine \u00dcbersicht von Drittanbietern sowie ihrer Inhalte, nebst Links zu deren Datenschutzerkl\u00e4rungen, welche weitere Hinweise zur Verarbeitung von Daten und, z.T. bereits hier genannt, Widerspruchsm\u00f6glichkeiten (sog. Opt-Out) enthalten:-\uf0a7 Externe Schriftarten von Google, Inc., https:\/\/www.google.com\/fonts (\u201eGoogle Fonts\u201c). Die Einbindung der Google Fonts erfolgt durch einen Serveraufruf bei Google (in der Regel in den USA). Datenschutzerkl\u00e4rung: https:\/\/www.google.com\/policies\/privacy\/, Opt-Out: https:\/\/www.google.com\/settings\/ads\/.<br>\n-\uf0a7 Landkarten des Dienstes \u201eGoogle Maps\u201c des Drittanbieters Google Inc., 1600 Amphitheatre Parkway, Mountain View, CA 94043, USA, gestellt. Datenschutzerkl\u00e4rung: https:\/\/www.google.com\/policies\/privacy\/, Opt-Out: https:\/\/www.google.com\/settings\/ads\/.<br>\n-\uf0a7 Videos der Plattform \u201cYouTube\u201d des Drittanbieters Google Inc., 1600 Amphitheatre Parkway, Mountain View, CA 94043, USA. Datenschutzerkl\u00e4rung: https:\/\/www.google.com\/policies\/privacy\/, Opt-Out: https:\/\/www.google.com\/settings\/ads\/.<br>\n-\uf0a7 Externer Code des JavaScript-Frameworks \u201cjQuery\u201d, bereitgestellt durch den Dritt-Anbieter jQuery Foundation, https:\/\/jquery.org.<\/li><li><strong>Rechte der Nutzer<\/strong><br>\n<strong>7.1.<\/strong> Nutzer haben das Recht, auf Antrag unentgeltlich Auskunft zu erhalten \u00fcber die personenbezogenen Daten, die von uns \u00fcber sie gespeichert wurden.<br>\n<strong>7.2.<\/strong> Zus\u00e4tzlich haben die Nutzer das Recht auf Berichtigung unrichtiger Daten, Einschr\u00e4nkung der Verarbeitung und L\u00f6schung ihrer personenbezogenen Daten, sofern zutreffend, Ihre Rechte auf Datenportabilit\u00e4t geltend zu machen und im Fall der Annahme einer unrechtm\u00e4\u00dfigen Datenverarbeitung, eine Beschwerde bei der zust\u00e4ndigen Aufsichtsbeh\u00f6rde einzureichen.<br>\n<strong>7.3.<\/strong> Ebenso k\u00f6nnen Nutzer Einwilligungen, grunds\u00e4tzlich mit Auswirkung f\u00fcr die Zukunft, widerrufen.<\/li><li><strong>L\u00f6schung von Daten<\/strong><br>\n<strong>8.1.<\/strong> Die bei uns gespeicherten Daten werden gel\u00f6scht, sobald sie f\u00fcr ihre Zweckbestimmung nicht mehr erforderlich sind und der L\u00f6schung keine gesetzlichen Aufbewahrungspflichten entgegenstehen. Sofern die Daten der Nutzer nicht gel\u00f6scht werden, weil sie f\u00fcr andere und gesetzlich zul\u00e4ssige Zwecke erforderlich sind, wird deren Verarbeitung eingeschr\u00e4nkt. D.h. die Daten werden gesperrt und nicht f\u00fcr andere Zwecke verarbeitet. Das gilt z.B. f\u00fcr Daten der Nutzer, die aus handels- oder steuerrechtlichen Gr\u00fcnden aufbewahrt werden m\u00fcssen.<br>\n<strong>8.2.<\/strong> Nach gesetzlichen Vorgaben erfolgt die Aufbewahrung f\u00fcr 6 Jahre gem\u00e4\u00df \u00a7 257 Abs. 1 HGB (Handelsb\u00fccher, Inventare, Er\u00f6ffnungsbilanzen, Jahresabschl\u00fcsse, Handelsbriefe, Buchungsbelege, etc.) sowie f\u00fcr 10 Jahre gem\u00e4\u00df \u00a7 147 Abs. 1 AO (B\u00fccher, Aufzeichnungen, Lageberichte, Buchungsbelege, Handels- und Gesch\u00e4ftsbriefe, F\u00fcr Besteuerung relevante Unterlagen, etc.).<\/li><li><strong>Widerspruchsrecht<\/strong><br>\n<strong>9.1.<\/strong> Nutzer k\u00f6nnen der k\u00fcnftigen Verarbeitung ihrer personenbezogenen Daten entsprechend den gesetzlichen Vorgaben jederzeit widersprechen. Der Widerspruch kann insbesondere gegen die Verarbeitung f\u00fcr Zwecke der Direktwerbung erfolgen.<\/li><li><strong>\u00c4nderungen der Datenschutzerkl\u00e4rung<\/strong><br>\n<strong>10.1.<\/strong> Wir behalten uns vor, die Datenschutzerkl\u00e4rung zu \u00e4ndern, um sie an ge\u00e4nderte Rechtslagen, oder bei \u00c4nderungen des Dienstes sowie der Datenverarbeitung anzupassen. Dies gilt jedoch nur im Hinblick auf Erkl\u00e4rungen zur Datenverarbeitung. Sofern Einwilligungen der Nutzer erforderlich sind oder Bestandteile der Datenschutzerkl\u00e4rung Regelungen des Vertragsverh\u00e4ltnisses mit den Nutzern enthalten, erfolgen die \u00c4nderungen nur mit Zustimmung der Nutzer.<br>\n<strong>10.2.<\/strong> Die Nutzer werden gebeten sich regelm\u00e4\u00dfig \u00fcber den Inhalt der Datenschutzerkl\u00e4rung zu informieren.<\/li><\/ol>\n","protected":false},"excerpt":{"rendered":"<p>Datenschutzerkl\u00e4rung Die unten aufgef\u00fchrte Datenschutzerkl\u00e4rung bezieht sich auf die URL https:\/\/www.gflr.de Unsere Datenschutzerkl\u00e4rung f\u00fcr Mitglieder und Teilnehmer*innen an den Projekten der GfLR e.V. findet ihr hier&nbsp;zum Lesen und Herunterladen:&nbsp;Datenschutzerkl\u00e4rung_Mitglieder und Teilnehmer Verantwortlicher: Gesellschaft f\u00fcr Live-Rollenspiel e.V. Am Wingertsberg 1 55234 Nack, Deutschland Vereinsregister Nr. 2721 Amtsgericht Hagen E-Mailadresse: inf&#111;&#64;&#103;&#102;&#x6c;&#x72;&#x2e;&#x64;&#x65; Stand: 04.05.2018 Grunds\u00e4tzliche Angaben zur Datenverarbeitung &hellip; <\/p>\n","protected":false},"author":1,"featured_media":0,"parent":0,"menu_order":0,"comment_status":"closed","ping_status":"closed","template":"","meta":{"footnotes":""},"_links":{"self":[{"href":"https:\/\/orga-support.gflr.de\/index.php?rest_route=\/wp\/v2\/pages\/26"}],"collection":[{"href":"https:\/\/orga-support.gflr.de\/index.php?rest_route=\/wp\/v2\/pages"}],"about":[{"href":"https:\/\/orga-support.gflr.de\/index.php?rest_route=\/wp\/v2\/types\/page"}],"author":[{"embeddable":true,"href":"https:\/\/orga-support.gflr.de\/index.php?rest_route=\/wp\/v2\/users\/1"}],"replies":[{"embeddable":true,"href":"https:\/\/orga-support.gflr.de\/index.php?rest_route=%2Fwp%2Fv2%2Fcomments&post=26"}],"version-history":[{"count":3,"href":"https:\/\/orga-support.gflr.de\/index.php?rest_route=\/wp\/v2\/pages\/26\/revisions"}],"predecessor-version":[{"id":391,"href":"https:\/\/orga-support.gflr.de\/index.php?rest_route=\/wp\/v2\/pages\/26\/revisions\/391"}],"wp:attachment":[{"href":"https:\/\/orga-support.gflr.de\/index.php?rest_route=%2Fwp%2Fv2%2Fmedia&parent=26"}],"curies":[{"name":"wp","href":"https:\/\/api.w.org\/{rel}","templated":true}]}}