{"id":298,"date":"2019-05-29T19:52:15","date_gmt":"2019-05-29T19:52:15","guid":{"rendered":"https:\/\/orga-support.gflr.de\/?page_id=298"},"modified":"2020-02-11T08:32:02","modified_gmt":"2020-02-11T08:32:02","slug":"nachhaltigkeit","status":"publish","type":"page","link":"https:\/\/orga-support.gflr.de\/?page_id=298","title":{"rendered":"Nachhaltigkeit"},"content":{"rendered":"\n<p>Das Thema Nachhaltigkeit macht auch vor dem Bereich des Live-Rollenspiels nicht halt und kann eine echte Bereicherung f\u00fcr das Hobby und ein besseres Arbeiten und Wirtschaften f\u00fcr alle daran Beteiligten bedeuten.<\/p>\n\n\n\n<p>Das Thema und dessen Bearbeitung steckt in Bezug auf LARP noch in den absoluten Kinderschuhen. Wir finden es aber sehr wichtig, sich mit diesem Thema zu besch\u00e4ftigen &#8211; allein schon aus dem Grund, weil wir wollen, dass es diese wundervolle T\u00e4tigkeit noch lange gibt und sich auch kommende Generationen daran erfreuen k\u00f6nnen. Ein erkl\u00e4rtes Ziel und gro\u00dfer Nutzen von Nachhaltigkeit.<\/p>\n\n\n\n<p>Im Folgenden findet ihr eine Pr\u00e4sentation und Arbeitsmaterialien, die von unserer AG Nachhaltigkeit erstellt wurden und einen Anfang bilden, um in das Thema einzusteigen. Wir arbeiten weiter unerm\u00fcdlich an diesem Themenfeld und dieser Bereich wird sich in den kommenden Jahren noch erweitern. Nun aber erst einmal viel Spa\u00df beim Lesen. Wie immer stehen wir euch f\u00fcr R\u00fcckfragen, Anmerkungen und Diskussionen gerne zur Verf\u00fcgung.<\/p>\n\n\n\n<div class=\"wp-block-file\"><a href=\"https:\/\/orga-support.gflr.de\/wp-content\/uploads\/2020\/02\/2020-02-01-LARPcom2020-Nachhaltigkeit-im-LARP-Was-soll-das-sein.pdf\">Nachhaltigkeit im LARP &#8211; Was soll das sein?<\/a><a href=\"https:\/\/orga-support.gflr.de\/wp-content\/uploads\/2020\/02\/2020-02-01-LARPcom2020-Nachhaltigkeit-im-LARP-Was-soll-das-sein.pdf\" class=\"wp-block-file__button\" download>Herunterladen<\/a><\/div>\n\n\n\n<div class=\"wp-block-file\"><a href=\"https:\/\/orga-support.gflr.de\/wp-content\/uploads\/2020\/02\/2020-01-26-LARPcom2020-Werkzeuge-f\u00fcr-nachhaltige-Entwicklung-im-LARP.pdf\">Werkzeuge f\u00fcr nachhaltige Entwicklung im LARP<\/a><a href=\"https:\/\/orga-support.gflr.de\/wp-content\/uploads\/2020\/02\/2020-01-26-LARPcom2020-Werkzeuge-f\u00fcr-nachhaltige-Entwicklung-im-LARP.pdf\" class=\"wp-block-file__button\" download>Herunterladen<\/a><\/div>\n","protected":false},"excerpt":{"rendered":"<p>Das Thema Nachhaltigkeit macht auch vor dem Bereich des Live-Rollenspiels nicht halt und kann eine echte Bereicherung f\u00fcr das Hobby und ein besseres Arbeiten und Wirtschaften f\u00fcr alle daran Beteiligten bedeuten. Das Thema und dessen Bearbeitung steckt in Bezug auf LARP noch in den absoluten Kinderschuhen. Wir finden es aber sehr wichtig, sich mit diesem &hellip; <\/p>\n","protected":false},"author":1,"featured_media":0,"parent":0,"menu_order":0,"comment_status":"closed","ping_status":"closed","template":"","meta":{"footnotes":""},"_links":{"self":[{"href":"https:\/\/orga-support.gflr.de\/index.php?rest_route=\/wp\/v2\/pages\/298"}],"collection":[{"href":"https:\/\/orga-support.gflr.de\/index.php?rest_route=\/wp\/v2\/pages"}],"about":[{"href":"https:\/\/orga-support.gflr.de\/index.php?rest_route=\/wp\/v2\/types\/page"}],"author":[{"embeddable":true,"href":"https:\/\/orga-support.gflr.de\/index.php?rest_route=\/wp\/v2\/users\/1"}],"replies":[{"embeddable":true,"href":"https:\/\/orga-support.gflr.de\/index.php?rest_route=%2Fwp%2Fv2%2Fcomments&post=298"}],"version-history":[{"count":3,"href":"https:\/\/orga-support.gflr.de\/index.php?rest_route=\/wp\/v2\/pages\/298\/revisions"}],"predecessor-version":[{"id":313,"href":"https:\/\/orga-support.gflr.de\/index.php?rest_route=\/wp\/v2\/pages\/298\/revisions\/313"}],"wp:attachment":[{"href":"https:\/\/orga-support.gflr.de\/index.php?rest_route=%2Fwp%2Fv2%2Fmedia&parent=298"}],"curies":[{"name":"wp","href":"https:\/\/api.w.org\/{rel}","templated":true}]}}