{"id":38,"date":"2018-12-21T09:58:32","date_gmt":"2018-12-21T09:58:32","guid":{"rendered":"https:\/\/orga-support.gflr.de\/?page_id=38"},"modified":"2022-07-30T13:58:19","modified_gmt":"2022-07-30T13:58:19","slug":"organisatorisches","status":"publish","type":"page","link":"https:\/\/orga-support.gflr.de\/?page_id=38","title":{"rendered":"Organisatorisches"},"content":{"rendered":"\n<p>Auf dieser Seite findet ihr Dokumente, Formulare, Tipps und Anmerkungen zum Thema <strong>Projektmanagement bzw. Organisation von Veranstaltungen mit Schwerpunkt auf den organisatorischen Aspekten<\/strong>, die wir f\u00fcr unseren Verein verwenden und die dementsprechend nat\u00fcrlich keine Allgemeing\u00fcltigkeit haben.<\/p>\n\n\n\n<p>Trotzdem k\u00f6nnen sie euch als Orientierung dienen und ihr d\u00fcrft sie gerne f\u00fcr euer Projektmanagement verwenden. Bei Fragen wendet euch bitte, wenn nicht anders angegeben,\u00a0an die 1. Vorsitzende Kim Scholz unter &#x31;&#x2e;&#x76;&#111;&#114;&#115;ta&#x6e;&#x64;&#x40;&#x67;&#102;&#108;r&#46;&#x64;&#x65;.<\/p>\n\n\n\n<hr class=\"wp-block-separator\"\/>\n\n\n\n<h4 class=\"wp-block-heading\">Inhalt dieser Seite:<\/h4>\n\n\n\n<p>Beim Herunterscrollen findet ihr Dokumente und Erkl\u00e4rungen zu folgenden Themen <em>(bitte zum Herunterladen den Firefox-Browser verwenden!)<\/em>:<\/p>\n\n\n\n<ul><li>Projektmanagement-Tool: Trello<\/li><li>Prozesshandbuch &#8222;Projekte in der GfLR e.V.&#8220; <\/li><li>Projektstrukturplan (PSP) f\u00fcr Live-Rollenspiele<\/li><li>Projektantrag<\/li><li>Allgemeine Gesch\u00e4ftsbedingungen<\/li><li>Anmeldungsformulare<\/li><li> Einverst\u00e4ndniserkl\u00e4rung Erziehungsberechtigter zur Teilnahme Minderj\u00e4hriger und Vollmacht  <\/li><li>Unterschriftenliste AGB etc.<\/li><li>Widerrufsbelehrung<\/li><li> Einverst\u00e4ndniserkl\u00e4rungen Foto- und Videoaufnahmen Teilnehmer und gesetzl. Vertreter <\/li><li>Orga-spezifische Fundus-Liste<\/li><li>Weitere folgen&#8230;<\/li><\/ul>\n\n\n\n<hr class=\"wp-block-separator\"\/>\n\n\n\n<h4 class=\"wp-block-heading\">Projektmanagement-Tool<\/h4>\n\n\n\n<p>Wir nutzen seit 2017 ein kostenfreies Projektmanagement-Tool zur Verbesserung und Vereinfachung der organisatorischen Abl\u00e4ufe und der Kommunikation der Orga untereinander und sind an sich ganz zufrieden damit: <a rel=\"noreferrer noopener\" href=\"https:\/\/trello.com\/\" target=\"_blank\">Trello<\/a><\/p>\n\n\n\n<p>Ein gutes Video, was man alles damit machen kann und wie es benutzt wird findet ihr hier:<br>\n<a href=\"https:\/\/www.youtube.com\/watch?v=cL-yfHzpOjk\" target=\"_blank\" rel=\"noreferrer noopener\">Video-Tutorial zu Trello<\/a><\/p>\n\n\n\n<p>Vielleicht ist es ja auch etwas f\u00fcr euch.<\/p>\n\n\n\n<hr class=\"wp-block-separator\"\/>\n\n\n\n<h4 class=\"wp-block-heading\">Prozesshandbuch &#8222;Projekte in der GfLR e.V.&#8220;<\/h4>\n\n\n\n<p>Um neuen Projektleitungen und Au\u00dfenstehenden unsere Projektabl\u00e4ufe n\u00e4her zu bringen und nicht alles einzeln kommunizieren zu m\u00fcssen, haben wir ein Prozesshandbuch \u201eProjekte in der GfLR e.V.\u201c verfasst, in dem alle Prozesse eines solchen Projektes \u2013 also z.B. einer Live-Rollenspielveranstaltung und deren Organisation \u2013 beschrieben sind.<\/p>\n\n\n\n<p>Dieses Prozesshandbuch bezieht sich lediglich auf die Projekte der GfLR e.V. und sicherlich weicht das Vorgehen bei uns von den Prozessen und Abl\u00e4ufen in anderen Vereinen und Orgas ab. Dennoch kann es vielleicht gerade f\u00fcr Orga-Anf\u00e4nger bei der Organisation von Live-Rollenspielen eine Hilfe sein und ihr seid herzlich eingeladen, euch das Prozesshandbuch herunterzuladen und euch daraus zu bedienen.<\/p>\n\n\n\n<div class=\"wp-block-file\"><a href=\"https:\/\/orga-support.gflr.de\/wp-content\/uploads\/2020\/02\/Prozesshandbuch-Projekte-GfLR-e.V.-2020_01_04.pdf\">Prozesshandbuch Projekte GfLR e.V. 2020_01_04<\/a><a href=\"https:\/\/orga-support.gflr.de\/wp-content\/uploads\/2020\/02\/Prozesshandbuch-Projekte-GfLR-e.V.-2020_01_04.pdf\" class=\"wp-block-file__button\" download>Herunterladen<\/a><\/div>\n\n\n\n<hr class=\"wp-block-separator\"\/>\n\n\n\n<h4 class=\"wp-block-heading\">Projektstrukturplan (PSP)<\/h4>\n\n\n\n<p>Ein Projektstrukturplan PSP (engl. project breakdown structure PBS) ist das Ergebnis einer Gliederung eines Projektes in handhabbare Elemente, ein lebendes Dokument, welches sowohl Unterelementen als auch der Projektleitung zur Projektkoordination dienlich ist. <\/p>\n\n\n\n<p>In den beiden Dokumenten findet ihr zum einen nochmal eine ausf\u00fchrliche Erkl\u00e4rung zum Projektstrukturplan und zum anderen in der Excel-Tabelle schon vorausgef\u00fcllte Templates eines PSP f\u00fcr ein Live-Rollenspiel.<\/p>\n\n\n\n<div class=\"wp-block-file\"><a href=\"https:\/\/orga-support.gflr.de\/wp-content\/uploads\/2019\/01\/Einf\u00fchrung-in-den-Projektstrukturplan.pdf\">Einf\u00fchrung in den Projektstrukturplan<\/a><a href=\"https:\/\/orga-support.gflr.de\/wp-content\/uploads\/2019\/01\/Einf\u00fchrung-in-den-Projektstrukturplan.pdf\" class=\"wp-block-file__button\" download>Herunterladen<\/a><\/div>\n\n\n\n<div class=\"wp-block-file\"><a href=\"https:\/\/orga-support.gflr.de\/wp-content\/uploads\/2019\/01\/Templates-Projektstrukturplan.xlsx\">Templates Projektstrukturplan<\/a><a href=\"https:\/\/orga-support.gflr.de\/wp-content\/uploads\/2019\/01\/Templates-Projektstrukturplan.xlsx\" class=\"wp-block-file__button\" download>Herunterladen<\/a><\/div>\n\n\n\n<hr class=\"wp-block-separator\"\/>\n\n\n\n<h4 class=\"wp-block-heading\">Projektantrag<\/h4>\n\n\n\n<p>Um in der GfLR e.V. ein Projekt\nzu veranstalten, muss dieses zuvor beantragt und vom Vorstand genehmigt werden.\nDies dient der \u00dcbersichtlichkeit und dazu, die Wirtschaftlichkeit der im Verein\nstattfindenden Projekte zu gew\u00e4hrleisten. Au\u00dferdem stellt es sicher, dass im\nVerein nur Projekte realisiert werden, die dem Vereinszweck entsprechen.<\/p>\n\n\n\n<p>Die Beantragung erfolgt \u00fcber einen standardisierten Projektantrag. <\/p>\n\n\n\n<p>Was alles in so einen Projektantrag hinein muss, findet ihr in blau im folgenden Dokument. Da es sich bei unseren Projekten h\u00e4ufig um Live-Rollenspiele handelt, gehen wir das ganze am Beispiel eines Live-Rollenspiels durch.<\/p>\n\n\n\n<div class=\"wp-block-file\"><a href=\"https:\/\/orga-support.gflr.de\/wp-content\/uploads\/2019\/04\/Vorlage-Projektantrag-GfLR-e.V.-2019_02_20.docx\">Vorlage-Projektantrag-GfLR-e.V.-2019_02_20<\/a><a href=\"https:\/\/orga-support.gflr.de\/wp-content\/uploads\/2019\/04\/Vorlage-Projektantrag-GfLR-e.V.-2019_02_20.docx\" class=\"wp-block-file__button\" download>Herunterladen<\/a><\/div>\n\n\n\n<hr class=\"wp-block-separator\"\/>\n\n\n\n<h4 class=\"wp-block-heading\">Allgemeine Gesch\u00e4ftsbedingungen (AGB)<\/h4>\n\n\n\n<p><strong>\u201eAllgemeine Gesch\u00e4ftsbedingungen<\/strong> (abgek\u00fcrzt: <em>AGB<\/em>) sind im Rechtswesen alle f\u00fcr eine Vielzahl von Vertr\u00e4gen vorformulierten Vertragsbedingungen, die eine Vertragspartei (der Verwender) der anderen Vertragspartei (dem Vertragspartner) bei Abschluss eines Vertrages stellt. (\u2026) Allgemeine Gesch\u00e4ftsbedingungen bewirken, dass der Vertragsschluss durch ein vorformuliertes Klauselwerk vereinfacht, beschleunigt und standardisiert wird. (\u2026) Sie ver\u00e4ndern in der Regel gegen\u00fcber dem Gesetz die dort vorgesehene Risikoverteilung und Haftung h\u00e4ufig zu Gunsten des Verwenders (Haftungsklauseln) und erleichtern diesem die Vertragsabwicklung.\u201c<br>\n<em>Quelle: Wikipedia <a href=\"https:\/\/de.wikipedia.org\/wiki\/Allgemeine_Gesch%C3%A4ftsbedingungen_(Deutschland)\" target=\"_blank\" rel=\"noreferrer noopener\">https:\/\/de.wikipedia.org\/wiki\/Allgemeine_Gesch%C3%A4ftsbedingungen_(Deutschland)<\/a>&nbsp;vom 25.07.2017, 10.40 Uhr.<\/em><\/p>\n\n\n\n<p>Hier findet ihr verschiedene Muster-AGBs, wie wir sie f\u00fcr unsere Veranstaltungen verwenden:<\/p>\n\n\n\n<div class=\"wp-block-file\"><a href=\"https:\/\/orga-support.gflr.de\/wp-content\/uploads\/2018\/12\/AGB-Muster-LARP.docx\">AGB-Muster-LARP<\/a><a href=\"https:\/\/orga-support.gflr.de\/wp-content\/uploads\/2018\/12\/AGB-Muster-LARP.docx\" class=\"wp-block-file__button\" download>Herunterladen<\/a><\/div>\n\n\n\n<div class=\"wp-block-file\"><a href=\"https:\/\/orga-support.gflr.de\/wp-content\/uploads\/2018\/12\/AGB-Fachtagung-Fortbildung.docx\">AGB-Fachtagung-Fortbildung<\/a><a href=\"https:\/\/orga-support.gflr.de\/wp-content\/uploads\/2018\/12\/AGB-Fachtagung-Fortbildung.docx\" class=\"wp-block-file__button\" download>Herunterladen<\/a><\/div>\n\n\n\n<hr class=\"wp-block-separator\"\/>\n\n\n\n<h4 class=\"wp-block-heading\">Anmeldungsformular<\/h4>\n\n\n\n<p>Wir verwenden in unserem Verein f\u00fcr die Anmeldung zu unseren Veranstaltungen eine Word-Datei, die sich die Teilnehmer_innen herunterladen,&nbsp;am Computer ausf\u00fcllen und uns per Mail zuschicken k\u00f6nnen. Dadurch entf\u00e4llt der Versand mit der Post und der Prozess wird beschleunigt. Eine Unterschrift ist vorerst nicht n\u00f6tig, diese wird vor Ort beim Check-In&nbsp;am Tag des Veranstaltungsbeginns geleistet \u2013 mit dieser Unterschrift wird dann auch die AGB anerkannt.<br>\nGrunds\u00e4tzlich gilt, dass ihr als Veranstalter verpflichtet seid, nur die Daten zu erheben, die ihr unbedingt f\u00fcr eure Veranstaltung ben\u00f6tigt.<\/p>\n\n\n\n<p>Hier findet ihr Muster-Anmeldungsformulare, wie wir sie f\u00fcr unsere Veranstaltungen verwenden:<\/p>\n\n\n\n<div class=\"wp-block-file\"><a href=\"https:\/\/orga-support.gflr.de\/wp-content\/uploads\/2018\/12\/SC-Anmeldung-Muster-mit-PP-1.doc\">SC-Anmeldung-Muster<\/a><a href=\"https:\/\/orga-support.gflr.de\/wp-content\/uploads\/2018\/12\/SC-Anmeldung-Muster-mit-PP-1.doc\" class=\"wp-block-file__button\" download>Herunterladen<\/a><\/div>\n\n\n\n<div class=\"wp-block-file\"><a href=\"https:\/\/orga-support.gflr.de\/wp-content\/uploads\/2018\/12\/NSC-Anmeldung-Muster.doc\">NSC-Anmeldung-Muster<\/a><a href=\"https:\/\/orga-support.gflr.de\/wp-content\/uploads\/2018\/12\/NSC-Anmeldung-Muster.doc\" class=\"wp-block-file__button\" download>Herunterladen<\/a><\/div>\n\n\n\n<div class=\"wp-block-file\"><a href=\"https:\/\/orga-support.gflr.de\/wp-content\/uploads\/2018\/12\/Anmeldung-Fachtagung-Muster.docx\">Anmeldung Fachtagung Muster<\/a><a href=\"https:\/\/orga-support.gflr.de\/wp-content\/uploads\/2018\/12\/Anmeldung-Fachtagung-Muster.docx\" class=\"wp-block-file__button\" download>Herunterladen<\/a><\/div>\n\n\n\n<hr class=\"wp-block-separator\"\/>\n\n\n\n<h4 class=\"wp-block-heading\">Einverst\u00e4ndnis Erziehungsberechtigter zur Teilnahme Minderj\u00e4hriger und Vollmacht <\/h4>\n\n\n\n<p>Bei manchen unserer Veranstaltungen\nd\u00fcrfen unter bestimmten Umst\u00e4nden Minderj\u00e4hrige teilnehmen. Dies ist jedoch nur\nerlaubt, wenn diese Minderj\u00e4hrigen von einer erwachsenen Person begleitet werden.\nDas k\u00f6nnen nat\u00fcrlich die Erziehungsberechtigen sein, aber auch andere\nvollj\u00e4hrige Personen. Der\/die Ersatzbevollm\u00e4chtigte muss<\/p>\n\n\n\n<ul><li>mindestens 18 Jahre alt sein,<\/li><li>\u00fcber die gesamte Zeit ebenfalls auf der Veranstaltung anwesend sein,<\/li><li>den Alkoholkonsum des Sch\u00fctzlings im Blick behalten,<\/li><li>genug Verantwortungsgef\u00fchl mitbringen,<\/li><li>im Zweifel ein \u201eMachtwort\u201c sprechen k\u00f6nnen.<\/li><\/ul>\n\n\n\n<p>Im Fall einer\/s Ersatzbevollm\u00e4chtigten ben\u00f6tigen wie eine Einverst\u00e4ndniserkl\u00e4rung der Erziehungsberechtigten (wenn vorhanden beider Erziehungsberechtigter) zur Teilnahme ihres Kindes an der Veranstaltung und eine Vollmacht f\u00fcr die entsprechende erwachsene Begleitperson. Diese Erkl\u00e4rung und Vollmacht muss zeitgleich mit Anmeldung des\/der Minderj\u00e4hrigen eingereicht oder nachgefordert werden. Sie muss aber auf jeden Fall vorliegen, bevor die Zahlungsaufforderung an den\/die Teilnehmer*in rausgeht.<\/p>\n\n\n\n<p>Wie eine solche Vollmacht aussehen kann, findet ihr hier:<\/p>\n\n\n\n<div class=\"wp-block-file\"><a href=\"https:\/\/orga-support.gflr.de\/wp-content\/uploads\/2019\/04\/Vollmacht-gesetzl.-Vetreter.docx\">Vollmacht gesetzl. Vetreter<\/a><a href=\"https:\/\/orga-support.gflr.de\/wp-content\/uploads\/2019\/04\/Vollmacht-gesetzl.-Vetreter.docx\" class=\"wp-block-file__button\" download>Herunterladen<\/a><\/div>\n\n\n\n<hr class=\"wp-block-separator\"\/>\n\n\n\n<h4 class=\"wp-block-heading\">Unterschriftenliste AGB und Hausordnung (und alles andere, was unterschrieben werden muss)<\/h4>\n\n\n\n<p>Anmeldung und AGB etc. werden bei uns erst beim Check-In unterschrieben. Daf\u00fcr haben wir eine vorgefertigte Liste, in die wir vor Veranstaltungsbeginn die Namen all unserer Teilnehmer_innen (SC, NSC und SL\/Orga)&nbsp;in alphabetischer Reihenfolge eintragen, damit sie sie zu Beginn unterschreiben k\u00f6nnen. Diese Liste wird danach in unserem Vereinsarchiv archiviert.<\/p>\n\n\n\n<p>Hier findet ihr die Muster-Unterschriftenliste, wie wir sie f\u00fcr unsere Veranstaltungen verwenden:<\/p>\n\n\n\n<div class=\"wp-block-file\"><a href=\"https:\/\/orga-support.gflr.de\/wp-content\/uploads\/2018\/12\/Unterschriftenliste-AGBHausordnung-Muster.docx\">Unterschriftenliste-AGB-Hausordnung-Datenschutz-Muster<\/a><a href=\"https:\/\/orga-support.gflr.de\/wp-content\/uploads\/2018\/12\/Unterschriftenliste-AGBHausordnung-Muster.docx\" class=\"wp-block-file__button\" download>Herunterladen<\/a><\/div>\n\n\n\n<hr class=\"wp-block-separator\"\/>\n\n\n\n<h4 class=\"wp-block-heading\">Widerrufsbelehrung<\/h4>\n\n\n\n<p>Verbraucher*innen, in unserem\nFall Teilnehmer*innen, verf\u00fcgen bei au\u00dferhalb von Gesch\u00e4ftsr\u00e4umen geschlossenen\nVertr\u00e4gen und bei Fernabsatzvertr\u00e4gen (Online-Handel), wie das bei einer\nOnline-Anmeldung bei uns der Fall ist, \u00fcber ein Widerrufsrecht nach \u00a7&nbsp;312g, \u00a7&nbsp;355\nBGB, \u00fcber das wir die Teilnehmer*innen informieren m\u00fcssen (Art. 246a \u00a7 1 Abs. 2\nEGBGB). &nbsp;Das steht zwar auch schon in der\nAGB, ist aber \u00e4hnlich wie beim Datenschutz an dieser Stelle nicht ausreichend\nund muss den \u201eKunden\u201c noch einmal explizit zug\u00e4nglich gemacht werden.<\/p>\n\n\n\n<p>Die Informationspflicht erstreckt\nsich insbesondere auf <\/p>\n\n\n\n<ul><li>die\nBedingungen, die Fristen und das Verfahren f\u00fcr die Aus\u00fcbung des Widerrufsrechts\nsowie<\/li><li>die\nKosten, die der\/die Teilnehmer*in im Widerrufsfall f\u00fcr den R\u00fccktritt von seinem\nTeilnahme-Platz zu tragen hat.<\/li><\/ul>\n\n\n\n<p>Diese Widerrufsbelehrung muss den Teilnehmer*innen vor Vertragsschluss in klarer und verst\u00e4ndlicher Weise zur Verf\u00fcgung stellen. <\/p>\n\n\n\n<div class=\"wp-block-file\"><a href=\"https:\/\/orga-support.gflr.de\/wp-content\/uploads\/2018\/12\/Widerrufsbelehrung.docx\">Widerrufsbelehrung<\/a><a href=\"https:\/\/orga-support.gflr.de\/wp-content\/uploads\/2018\/12\/Widerrufsbelehrung.docx\" class=\"wp-block-file__button\" download>Herunterladen<\/a><\/div>\n\n\n\n<hr class=\"wp-block-separator\"\/>\n\n\n\n<h4 class=\"wp-block-heading\">Einverst\u00e4ndnis Foto- und Videoaufnahmen<br><\/h4>\n\n\n\n<p>Nach der\nDatenschutzgrundverordnung, die im Mai 2018 in Kraft getreten ist, d\u00fcrfen Foto-\nund Videoaufnahmen von Teilnehmer*innen grunds\u00e4tzlich nur mit deren explizitem\nund schriftlichem Einverst\u00e4ndnis angefertigt und verarbeitet werden \u2013 wobei\nSpeichern und Ver\u00f6ffentlichen genauso unter den Begriff \u201eVerarbeitung\u201c fallen,\nwie das Bearbeiten oder Ver\u00e4ndern.<\/p>\n\n\n\n<p>Aus diesem Grund muss f\u00fcr jeden einzelnen Teilnehmer auf euren Veranstaltungen eine schriftliche Einverst\u00e4ndniserkl\u00e4rung f\u00fcr Foto- und Videoaufnahmen unterschrieben vorliegen. Ein Muster f\u00fcr eine solche Einverst\u00e4ndniserkl\u00e4rung, und was da alles so drin stehen muss, findet ihr hier:<\/p>\n\n\n\n<div class=\"wp-block-file\"><a href=\"https:\/\/orga-support.gflr.de\/wp-content\/uploads\/2019\/01\/Einverst\u00e4ndniserkl\u00e4rung-Foto-und-Videoaufnahmen-2018_12_31.docx\">Einverst\u00e4ndniserkl\u00e4rung Foto- und Videoaufnahmen<\/a><a href=\"https:\/\/orga-support.gflr.de\/wp-content\/uploads\/2019\/01\/Einverst\u00e4ndniserkl\u00e4rung-Foto-und-Videoaufnahmen-2018_12_31.docx\" class=\"wp-block-file__button\" download>Herunterladen<\/a><\/div>\n\n\n\n<p> Bei minderj\u00e4hrigen Teilnehmer*innen m\u00fcssen an sich beide Erziehungsberechtigten eine entsprechende Erkl\u00e4rung unterschrieben haben &#8211; Muster siehe unten. Da die Erziehungsberechtigten eines Minderj\u00e4hrigen nicht unbedingt immer mit an der Veranstaltung teilnehmen, m\u00fcsst ihr diese Einverst\u00e4ndniserkl\u00e4rung <strong>bereits im Vorfeld<\/strong> eurer Veranstaltung einholen bzw. die Jugendlichen m\u00fcssen sie mitbringen. Ohne Einverst\u00e4ndniserkl\u00e4rung d\u00fcrft ihr keine Fotos von den Minderj\u00e4hrigen machen. Bei Jugendlichen zwischen 16 und 18 Jahren m\u00fcssen zus\u00e4tzlich zur Einverst\u00e4ndniserkl\u00e4rung der Erziehungsberechtigten auch noch die Jugendlichen selbst unterschreiben. <\/p>\n\n\n\n<div class=\"wp-block-file\"><a href=\"https:\/\/orga-support.gflr.de\/wp-content\/uploads\/2019\/01\/Einverst\u00e4ndniserkl\u00e4rung-Foto-und-Videoaufnahmen-gesetzlicher-Vertreter-2018_12_31.docx\">Einverst\u00e4ndniserkl\u00e4rung Foto- und Videoaufnahmen gesetzlicher Vertreter<\/a><a href=\"https:\/\/orga-support.gflr.de\/wp-content\/uploads\/2019\/01\/Einverst\u00e4ndniserkl\u00e4rung-Foto-und-Videoaufnahmen-gesetzlicher-Vertreter-2018_12_31.docx\" class=\"wp-block-file__button\" download>Herunterladen<\/a><\/div>\n\n\n\n<hr class=\"wp-block-separator\"\/>\n\n\n\n<h4 class=\"wp-block-heading\">Orga-spezifische Fundus-Liste<\/h4>\n\n\n\n<p>Um eine aktuelle Gesamt-Liste des GfLR-Fundus f\u00fchren zu k\u00f6nnen, und allen unseren Projektleitungen den Zugriff darauf zu erm\u00f6glichen, ben\u00f6tigen wir die Mithilfe unserer Orgas. Aus diesem Grund sollten Projektleitungen m\u00f6glichst zeitnah nach ihrer Veranstaltung neu angeschaffte Fundus-Gegenst\u00e4nde in die orga-spezifische Fundus-Liste eintragen. Diese Liste erhalten alle Orgas und sie wird ausgef\u00fcllt an die Gesamt-Fundus-Verwaltung geschickt, die neue Gegenst\u00e4nde, Kost\u00fcme etc. dann in die Gesamt-Fundus-Liste eintr\u00e4gt, auf die alle Zugriff haben.<\/p>\n\n\n\n<div class=\"wp-block-file\"><a href=\"https:\/\/orga-support.gflr.de\/wp-content\/uploads\/2019\/02\/Orga-spezifische-Fundus-Liste-2018_12_01.xlsx\">Orga-spezifische Fundus-Liste<\/a><a href=\"https:\/\/orga-support.gflr.de\/wp-content\/uploads\/2019\/02\/Orga-spezifische-Fundus-Liste-2018_12_01.xlsx\" class=\"wp-block-file__button\" download>Herunterladen<\/a><\/div>\n\n\n\n<hr class=\"wp-block-separator\"\/>\n\n\n\n<p>Weitere Dokumente etc. folgen\u2026<\/p>\n\n\n\n<p><br><\/p>\n","protected":false},"excerpt":{"rendered":"<p>Auf dieser Seite findet ihr Dokumente, Formulare, Tipps und Anmerkungen zum Thema Projektmanagement bzw. Organisation von Veranstaltungen mit Schwerpunkt auf den organisatorischen Aspekten, die wir f\u00fcr unseren Verein verwenden und die dementsprechend nat\u00fcrlich keine Allgemeing\u00fcltigkeit haben. Trotzdem k\u00f6nnen sie euch als Orientierung dienen und ihr d\u00fcrft sie gerne f\u00fcr euer Projektmanagement verwenden. Bei Fragen wendet &hellip; <\/p>\n","protected":false},"author":1,"featured_media":0,"parent":0,"menu_order":0,"comment_status":"closed","ping_status":"closed","template":"","meta":{"footnotes":""},"_links":{"self":[{"href":"https:\/\/orga-support.gflr.de\/index.php?rest_route=\/wp\/v2\/pages\/38"}],"collection":[{"href":"https:\/\/orga-support.gflr.de\/index.php?rest_route=\/wp\/v2\/pages"}],"about":[{"href":"https:\/\/orga-support.gflr.de\/index.php?rest_route=\/wp\/v2\/types\/page"}],"author":[{"embeddable":true,"href":"https:\/\/orga-support.gflr.de\/index.php?rest_route=\/wp\/v2\/users\/1"}],"replies":[{"embeddable":true,"href":"https:\/\/orga-support.gflr.de\/index.php?rest_route=%2Fwp%2Fv2%2Fcomments&post=38"}],"version-history":[{"count":41,"href":"https:\/\/orga-support.gflr.de\/index.php?rest_route=\/wp\/v2\/pages\/38\/revisions"}],"predecessor-version":[{"id":387,"href":"https:\/\/orga-support.gflr.de\/index.php?rest_route=\/wp\/v2\/pages\/38\/revisions\/387"}],"wp:attachment":[{"href":"https:\/\/orga-support.gflr.de\/index.php?rest_route=%2Fwp%2Fv2%2Fmedia&parent=38"}],"curies":[{"name":"wp","href":"https:\/\/api.w.org\/{rel}","templated":true}]}}