{"id":42,"date":"2018-12-21T09:59:18","date_gmt":"2018-12-21T09:59:18","guid":{"rendered":"https:\/\/orga-support.gflr.de\/?page_id=42"},"modified":"2020-02-11T09:34:11","modified_gmt":"2020-02-11T09:34:11","slug":"inhaltliches","status":"publish","type":"page","link":"https:\/\/orga-support.gflr.de\/?page_id=42","title":{"rendered":"Inhaltliches"},"content":{"rendered":"\n<h4 class=\"wp-block-heading\">Plot-SetCards<\/h4>\n\n\n\n<p>Eine Idee des <a rel=\"noreferrer noopener\" aria-label=\"Fjorlande e.V. (\u00f6ffnet in neuem Tab)\" href=\"https:\/\/fjorlande.org\/\" target=\"_blank\">Fjorlande e.V.<\/a>, die wir euch hier freundlicherweise zur Verf\u00fcgung stellen d\u00fcrfen, sind die Plot-SetCards. Diese SetCards sind in ihrem Aufbau am NATO-Standard-Befehl orientiert und werden verwendet, um Szenen und Kleinplots auf einem Con selbstst\u00e4ndig z.B. durch NSC umsetzen zu lassen.<\/p>\n\n\n\n<p>Die SetCards werden von der SL im Vorfeld des Cons vorbereitet und ausgef\u00fcllt, 2x auf DinA5 ausgedruckt, einmal laminiert f\u00fcr den NSC-Raum und einmal unlaminiert zum Zusammenfalten und in die Tasche stecken.<\/p>\n\n\n\n<p>Hat ein NSC z.B. gerade mal nichts zu tun oder soll er\/sie eine Aufgabe erf\u00fcllen, kann er oder sie sich eine der SetCards nehmen und folgt einfach den Anweisungen, die darauf stehen, um eine Szene oder einen Kleinplot umzusetzen. So wird die SL entlastet und es kommt zu mehr Spielsituationen f\u00fcr die SC.<\/p>\n\n\n\n<p>Ein Beispiel, wie so eine ausgef\u00fcllte SetCard aussieht, k\u00f6nnt ihr euch hier anschauen: <em>folgt<\/em><\/p>\n\n\n\n<p>Eine Blanko-SetCard zum Ausf\u00fcllen findet ihr hier:<\/p>\n\n\n\n<div class=\"wp-block-file\"><a href=\"https:\/\/orga-support.gflr.de\/wp-content\/uploads\/2020\/02\/SetCard_Leer.xlsx\">SetCard_Leer<\/a><a href=\"https:\/\/orga-support.gflr.de\/wp-content\/uploads\/2020\/02\/SetCard_Leer.xlsx\" class=\"wp-block-file__button\" download>Herunterladen<\/a><\/div>\n\n\n\n<p><strong>Idee<\/strong>: Sammelt man \u00fcber Cons hinweg die SetCards und teilt sie in einer Datenbank, so entsteht ein Pool f\u00fcr Szenen und Kleinplots, auf den andere Orgas zugreifen und sich so viel Arbeit sparen k\u00f6nnen. Bisher nur eine Idee, aber eine, die wir gerne irgendwann umsetzen m\u00f6chten.<\/p>\n\n\n\n<hr class=\"wp-block-separator\"\/>\n\n\n\n<h4 class=\"wp-block-heading\">Gedanken zu Plot, Cons und Spielmechaniken<\/h4>\n\n\n\n<p>In diesen Pr\u00e4sentationen findet ihr hilfreiche allgemeine Gedanken und Strukturvorschl\u00e4ge zum Thema \u201ePlot und Cons\u201c und in \u201eKenne deine Werkzeuge\u201c hilfreiche \u00dcberlegungen zur Reflektion \u00fcber Grenzen und M\u00f6glichkeiten etablierter Spielmechaniken des Live-Rollenspiels.<\/p>\n\n\n\n<div class=\"wp-block-file\"><a href=\"https:\/\/orga-support.gflr.de\/wp-content\/uploads\/2019\/01\/Gedanken-zu-Plot-und-Cons-1.pdf\">Gedanken zu Plot und Cons<\/a><a href=\"https:\/\/orga-support.gflr.de\/wp-content\/uploads\/2019\/01\/Gedanken-zu-Plot-und-Cons-1.pdf\" class=\"wp-block-file__button\" download>Herunterladen<\/a><\/div>\n\n\n\n<div class=\"wp-block-file\"><a href=\"https:\/\/orga-support.gflr.de\/wp-content\/uploads\/2019\/01\/Kenne-Deine-Werkzeuge-Reflektion-\u00fcber-Grenzen-und-M\u00f6glichkeiten.pdf\">Kenne Deine Werkzeuge<\/a><a href=\"https:\/\/orga-support.gflr.de\/wp-content\/uploads\/2019\/01\/Kenne-Deine-Werkzeuge-Reflektion-\u00fcber-Grenzen-und-M\u00f6glichkeiten.pdf\" class=\"wp-block-file__button\" download>Herunterladen<\/a><\/div>\n\n\n\n<hr class=\"wp-block-separator\"\/>\n\n\n\n<h4 class=\"wp-block-heading\">Time-Table Plot-Szenen<\/h4>\n\n\n\n<p>Wir verwenden zur besseren \u00dcbersicht \u00fcber die einzelnen Szenen unseres Plots einen sog. Time-Table, in dem alle Spielszenen mit Uhrzeit, Personal, Material und sonstigen Anmerkungen eingetragen sind. Dies bietet einen guten \u00dcberblick, wer wann mit welchem Kost\u00fcm an welchem Ort sein muss. Auch hilfreich f\u00fcr NSC, die sich orientieren wollen.<\/p>\n\n\n\n<p>Hier findet ihr einen Muster-Time-Table, wie wir ihn f\u00fcr unsere Veranstaltungen verwenden:<\/p>\n\n\n\n<div class=\"wp-block-file\"><a href=\"https:\/\/orga-support.gflr.de\/wp-content\/uploads\/2018\/12\/Timetable-Muster.docx\">Time-Table-Muster<\/a><a href=\"https:\/\/orga-support.gflr.de\/wp-content\/uploads\/2018\/12\/Timetable-Muster.docx\" class=\"wp-block-file__button\" download>Herunterladen<\/a><\/div>\n\n\n\n<hr class=\"wp-block-separator\"\/>\n\n\n\n<h4 class=\"wp-block-heading\">Dokumente und Material&nbsp;zur Umsetzung der Plot-Patenschaft<\/h4>\n\n\n\n<p>Im Folgenden findet ihr&nbsp;hilfreiche Materialien zur Umsetzung unseres Spielkonzepts \u201ePlot-Patenschaft\u201c. Wer noch nicht wei\u00df, was das ist, findet hier eine Erkl\u00e4rung: <strong><a href=\"https:\/\/www.gflr.de\/konzeptvorstellung-plot-patenschaft\/\"><br>\nKonzeptvorstellung: Plot-Patenschaft<\/a><\/strong><\/p>\n\n\n\n<p>Wenn ihr das Konzept auf eurem LARP verwendet, w\u00fcrden wir uns freuen, wenn ihr euren Teilnehmer_innen gegen\u00fcber erw\u00e4hnt, dass das Konzept von uns stammt.<\/p>\n\n\n\n<p>Hier nun alle Dokumente, die ihr zur Umsetzung einer Plot-Patenschaft auf eurem Con braucht bzw. die hilfreich sind:<\/p>\n\n\n\n<div class=\"wp-block-file\"><a href=\"https:\/\/orga-support.gflr.de\/wp-content\/uploads\/2018\/12\/Flussdiagramm-Plot-Patenschaft.pdf\">Flussdiagramm-Plot-Patenschaft<\/a><a href=\"https:\/\/orga-support.gflr.de\/wp-content\/uploads\/2018\/12\/Flussdiagramm-Plot-Patenschaft.pdf\" class=\"wp-block-file__button\" download>Herunterladen<\/a><\/div>\n\n\n\n<div class=\"wp-block-file\"><a href=\"https:\/\/orga-support.gflr.de\/wp-content\/uploads\/2018\/12\/SC-Anmeldung-Muster-mit-PP-1.doc\">SC-Anmeldung-Muster-mit-PP<\/a><a href=\"https:\/\/orga-support.gflr.de\/wp-content\/uploads\/2018\/12\/SC-Anmeldung-Muster-mit-PP-1.doc\" class=\"wp-block-file__button\" download>Herunterladen<\/a><\/div>\n\n\n\n<div class=\"wp-block-file\"><a href=\"https:\/\/orga-support.gflr.de\/wp-content\/uploads\/2018\/12\/Beispiel-Liste-Bereitschaft-zur-PP-und-pot.-Matchings.pdf\">Beispiel-Liste-Bereitschaft-zur-PP-und-pot.-Matchings<\/a><a href=\"https:\/\/orga-support.gflr.de\/wp-content\/uploads\/2018\/12\/Beispiel-Liste-Bereitschaft-zur-PP-und-pot.-Matchings.pdf\" class=\"wp-block-file__button\" download>Herunterladen<\/a><\/div>\n\n\n\n<div class=\"wp-block-file\"><a href=\"https:\/\/orga-support.gflr.de\/wp-content\/uploads\/2018\/12\/Muster-Email-1.-Anschreiben.pdf\">Muster-Email-1.-Anschreiben<\/a><a href=\"https:\/\/orga-support.gflr.de\/wp-content\/uploads\/2018\/12\/Muster-Email-1.-Anschreiben.pdf\" class=\"wp-block-file__button\" download>Herunterladen<\/a><\/div>\n\n\n\n<div class=\"wp-block-file\"><a href=\"https:\/\/orga-support.gflr.de\/wp-content\/uploads\/2018\/12\/Muster-Email-Plot-Paten.pdf\">Muster-Email-Plot-Paten<\/a><a href=\"https:\/\/orga-support.gflr.de\/wp-content\/uploads\/2018\/12\/Muster-Email-Plot-Paten.pdf\" class=\"wp-block-file__button\" download>Herunterladen<\/a><\/div>\n\n\n\n<div class=\"wp-block-file\"><a href=\"https:\/\/orga-support.gflr.de\/wp-content\/uploads\/2018\/12\/Liste-wichtiger-Fragen-zur-Plot-Patenschaft.pdf\">Liste-wichtiger-Fragen-zur-Plot-Patenschaft<\/a><a href=\"https:\/\/orga-support.gflr.de\/wp-content\/uploads\/2018\/12\/Liste-wichtiger-Fragen-zur-Plot-Patenschaft.pdf\" class=\"wp-block-file__button\" download>Herunterladen<\/a><\/div>\n\n\n\n<div class=\"wp-block-file\"><a href=\"https:\/\/orga-support.gflr.de\/wp-content\/uploads\/2018\/12\/Beispiel-Liste-Matchings-und-PP-Ideen.pdf\">Beispiel-Liste-Matchings-und-PP-Ideen<\/a><a href=\"https:\/\/orga-support.gflr.de\/wp-content\/uploads\/2018\/12\/Beispiel-Liste-Matchings-und-PP-Ideen.pdf\" class=\"wp-block-file__button\" download>Herunterladen<\/a><\/div>\n\n\n\n<hr class=\"wp-block-separator\"\/>\n\n\n\n<p>Weitere Themen und Dokumente folgen&#8230;<\/p>\n","protected":false},"excerpt":{"rendered":"<p>Plot-SetCards Eine Idee des Fjorlande e.V., die wir euch hier freundlicherweise zur Verf\u00fcgung stellen d\u00fcrfen, sind die Plot-SetCards. Diese SetCards sind in ihrem Aufbau am NATO-Standard-Befehl orientiert und werden verwendet, um Szenen und Kleinplots auf einem Con selbstst\u00e4ndig z.B. durch NSC umsetzen zu lassen. Die SetCards werden von der SL im Vorfeld des Cons vorbereitet &hellip; <\/p>\n","protected":false},"author":1,"featured_media":0,"parent":0,"menu_order":0,"comment_status":"closed","ping_status":"closed","template":"","meta":{"footnotes":""},"_links":{"self":[{"href":"https:\/\/orga-support.gflr.de\/index.php?rest_route=\/wp\/v2\/pages\/42"}],"collection":[{"href":"https:\/\/orga-support.gflr.de\/index.php?rest_route=\/wp\/v2\/pages"}],"about":[{"href":"https:\/\/orga-support.gflr.de\/index.php?rest_route=\/wp\/v2\/types\/page"}],"author":[{"embeddable":true,"href":"https:\/\/orga-support.gflr.de\/index.php?rest_route=\/wp\/v2\/users\/1"}],"replies":[{"embeddable":true,"href":"https:\/\/orga-support.gflr.de\/index.php?rest_route=%2Fwp%2Fv2%2Fcomments&post=42"}],"version-history":[{"count":19,"href":"https:\/\/orga-support.gflr.de\/index.php?rest_route=\/wp\/v2\/pages\/42\/revisions"}],"predecessor-version":[{"id":336,"href":"https:\/\/orga-support.gflr.de\/index.php?rest_route=\/wp\/v2\/pages\/42\/revisions\/336"}],"wp:attachment":[{"href":"https:\/\/orga-support.gflr.de\/index.php?rest_route=%2Fwp%2Fv2%2Fmedia&parent=42"}],"curies":[{"name":"wp","href":"https:\/\/api.w.org\/{rel}","templated":true}]}}