{"id":5,"date":"2018-12-21T09:37:41","date_gmt":"2018-12-21T09:37:41","guid":{"rendered":"https:\/\/orga-support.gflr.de\/?page_id=5"},"modified":"2020-02-20T11:59:29","modified_gmt":"2020-02-20T11:59:29","slug":"start","status":"publish","type":"page","link":"https:\/\/orga-support.gflr.de\/","title":{"rendered":"\u00dcber diese Seite"},"content":{"rendered":"\n<p>Auf den folgenden Seiten stellen wir euch eine Reihe von Hilfsmitteln und unser Know-How in Bezug auf die Organisation von Veranstaltungen und die Arbeit in einem gemeinn\u00fctzigen Verein zur Verf\u00fcgung. Diese Infos und Dokumente sind zu eurer freien Verf\u00fcgung, ihr d\u00fcrft sie gerne verwenden und ver\u00e4ndern.<\/p>\n\n\n\n<p>Um die Dokumente korrekt darstellen und herunterladen zu k\u00f6nnen m\u00fcsst ihr den <strong>Firefox-Browser<\/strong> verwenden!<\/p>\n\n\n\n<p>Nat\u00fcrlich sind die meisten der hier zur Verf\u00fcgung gestellten Dokumente bisher noch auf die GfLR e.V. angepasst. Ihr m\u00fcsst also bei den Dokumenten unseren Namen und unser Logo mit den euren ersetzen und die Dokumente auf eure Orga oder euren Verein anpassen. Bitte denkt dabei auch daran, die Kopf- und Fu\u00dfzeile in den Word- und den Excel-Dateien zu ver\u00e4ndern. <\/p>\n\n\n\n<p>Es gibt viele Themen und Bereiche, die in eine solche Seite hinein passen. Wir erg\u00e4nzen nach und nach alle Bereiche, die wir f\u00fcr wichtig halten und von denen wir glauben, dass sie f\u00fcr euch eine Unterst\u00fctzung sein k\u00f6nnen. Sollte also etwas noch nicht vollst\u00e4ndig sein oder noch fehlen, habt ein wenig Geduld, wir sind dabei. Oder schreibt uns eine Mail und fragt nach, ob wir zu dem von euch gew\u00fcnschten Thema Hilfestellung anbieten k\u00f6nnen.<\/p>\n\n\n\n<p>Unter <strong><a href=\"https:\/\/orga-support.gflr.de\/?page_id=338\">Neues<\/a><\/strong> findet ihr immer die neuesten \u00c4nderungen an der Seite und ihren Inhalten. So m\u00fcsst ihr nicht suchen, welche der Inhalte ihr noch nicht kennt, sonder k\u00f6nnt einfach den Links folgen.<\/p>\n\n\n\n<p>Wichtig ist auch noch: Die Inhalte dieser Seiten stellen keinerlei Rechtsberatung in irgendeiner Form dar. Bei juristischen Fragen ist stets die fachliche Auskunft eines juristischen Beistands einzuholen.<\/p>\n\n\n\n<p>F\u00fcr R\u00fcckfragen, Anmerkungen und W\u00fcnsche stehen wir euch wie immer gerne zur Verf\u00fcgung unter &#49;&#x2e;v&#x6f;r&#115;&#x74;&#97;&#x6e;d&#64;&#x67;&#102;&#x6c;r&#x2e;&#x64;&#101;<\/p>\n","protected":false},"excerpt":{"rendered":"<p>Auf den folgenden Seiten stellen wir euch eine Reihe von Hilfsmitteln und unser Know-How in Bezug auf die Organisation von Veranstaltungen und die Arbeit in einem gemeinn\u00fctzigen Verein zur Verf\u00fcgung. Diese Infos und Dokumente sind zu eurer freien Verf\u00fcgung, ihr d\u00fcrft sie gerne verwenden und ver\u00e4ndern. Um die Dokumente korrekt darstellen und herunterladen zu k\u00f6nnen &hellip; <\/p>\n","protected":false},"author":1,"featured_media":0,"parent":0,"menu_order":0,"comment_status":"closed","ping_status":"closed","template":"","meta":{"footnotes":""},"_links":{"self":[{"href":"https:\/\/orga-support.gflr.de\/index.php?rest_route=\/wp\/v2\/pages\/5"}],"collection":[{"href":"https:\/\/orga-support.gflr.de\/index.php?rest_route=\/wp\/v2\/pages"}],"about":[{"href":"https:\/\/orga-support.gflr.de\/index.php?rest_route=\/wp\/v2\/types\/page"}],"author":[{"embeddable":true,"href":"https:\/\/orga-support.gflr.de\/index.php?rest_route=\/wp\/v2\/users\/1"}],"replies":[{"embeddable":true,"href":"https:\/\/orga-support.gflr.de\/index.php?rest_route=%2Fwp%2Fv2%2Fcomments&post=5"}],"version-history":[{"count":13,"href":"https:\/\/orga-support.gflr.de\/index.php?rest_route=\/wp\/v2\/pages\/5\/revisions"}],"predecessor-version":[{"id":358,"href":"https:\/\/orga-support.gflr.de\/index.php?rest_route=\/wp\/v2\/pages\/5\/revisions\/358"}],"wp:attachment":[{"href":"https:\/\/orga-support.gflr.de\/index.php?rest_route=%2Fwp%2Fv2%2Fmedia&parent=5"}],"curies":[{"name":"wp","href":"https:\/\/api.w.org\/{rel}","templated":true}]}}