{"id":55,"date":"2018-12-21T10:08:53","date_gmt":"2018-12-21T10:08:53","guid":{"rendered":"https:\/\/orga-support.gflr.de\/?page_id=55"},"modified":"2022-07-30T14:00:30","modified_gmt":"2022-07-30T14:00:30","slug":"infos-dsgvo","status":"publish","type":"page","link":"https:\/\/orga-support.gflr.de\/?page_id=55","title":{"rendered":"Infos DSGVO"},"content":{"rendered":"\n<p>Liebe LARP-Orgas und LARP-Vereine,<\/p>\n\n\n\n<p>hier ein&nbsp;paar Infos&nbsp;zur <strong>Datenschutzgrundverordnung EU-DSGVO<\/strong>, die f\u00fcr uns alle<strong> ab dem 25.05.18 gilt<\/strong> und bindend ist.<\/p>\n\n\n\n<p>Wir stellen euch hier unseren Kenntnisstand zum Thema EU-DSGVO&nbsp;zur Verf\u00fcgung, um es euch vielleicht ein wenig leichter zu machen.<\/p>\n\n\n\n<p>Der Deutsche Liverollenspiel-Verband bietet euch \u00fcber uns ebenfalls eine gute Info zu diesem Thema und angeschlossene Vereine und Einzelpersonen k\u00f6nnen sich bei uns unter &#x31;&#x2e;&#118;&#111;r&#x73;&#x74;&#x61;&#110;d&#64;&#x67;&#x66;&#108;&#114;&#46;&#x64;&#x65; informieren.<\/p>\n\n\n\n<p>Organisationen, die nicht dem DLRV angeh\u00f6ren, k\u00f6nnen diesen Service gegen einen Obulus von 50,- Euro ebenfalls in Anspruch nehmen.<\/p>\n\n\n\n<p><strong>Ein Hinweis vorweg: Die Umstellung auf DS-GVO&nbsp;ist ziemlich viel Arbeit, ihr solltet das Thema und seine Bearbeitung also nicht auf die lange Bank schieben, sondern z\u00fcgig anfangen.<\/strong><\/p>\n\n\n\n<p><strong>HINWEIS: Die Informationen&nbsp;auf dieser Seite&nbsp;sind allgemeiner Art und stellen grunds\u00e4tzlich&nbsp;keine Rechtsberatung dar. Zur L\u00f6sung von konkreten Rechtsf\u00e4llen&nbsp;konsultiert bitte unbedingt einen Rechtsanwalt, wenn ihr es f\u00fcr n\u00f6tig befindet.<\/strong><\/p>\n\n\n\n<hr class=\"wp-block-separator\"\/>\n\n\n\n<p>Nun zur DSGVO, die <strong>am 25.05.2018 verbindlich f\u00fcr alle in Kraft<\/strong> tritt, die mit personenbezogenen Daten (und das beginnt schon bei der IP-Adresse&nbsp;von Personen, die eure Webseite besuchen)&nbsp;arbeiten.<\/p>\n\n\n\n<p><strong>Grunds\u00e4tzlich findet ihr hier ganz viele wertvolle Infos zu dem Thema:<\/strong><\/p>\n\n\n\n<p><strong>Allgemeine Infos<\/strong> in einem Text des Landesdatenschutzbeauftragten von Baden-W\u00fcrttemberg:<br>\n<a href=\"https:\/\/www.baden-wuerttemberg.datenschutz.de\/wp-content\/uploads\/2018\/03\/OH-Datenschutz-im-Verein-nach-der-DSGVO.pdf\">https:\/\/www.baden-wuerttemberg.datenschutz.de\/wp-content\/uploads\/2018\/03\/OH-Datenschutz-im-Verein-nach-der-DSGVO.pdf<\/a><\/p>\n\n\n\n<p><strong>Checkliste f\u00fcr Vereine<\/strong> zur Umstellung&nbsp;auf DS-GVO&nbsp;und allgemeine Infos des Landesdatenschutzbeauftragten von Niedersachsen:<br>\n<a href=\"https:\/\/www.lfd.niedersachsen.de\/themen\/vereine\/datenschutz-im-verein-56043.html\">https:\/\/www.lfd.niedersachsen.de\/themen\/vereine\/datenschutz-im-verein-56043.html<\/a><\/p>\n\n\n\n<p><strong>Kurzpapiere der Datenschutzkonferenz<\/strong> zur Anwendung der DS-GVO<br>\n<a href=\"http:\/\/www.lfd.niedersachsen.de\/startseite\/dsgvo\/anwendung_dsgvo_kurzpapiere\/ds-gvo---kurzpapiere-155196.html\">http:\/\/www.lfd.niedersachsen.de\/startseite\/dsgvo\/anwendung_dsgvo_kurzpapiere\/ds-gvo\u2014kurzpapiere-155196.html<br>\n<\/a>Bei den <strong>Kurzpapieren<\/strong> m\u00fcsst ihr selbst mal schauen, welche au\u00dfer den von mir unten erw\u00e4hnten f\u00fcr euch vielleicht in Frage kommen k\u00f6nnten und hilfreich w\u00e4ren.<\/p>\n\n\n\n<p>F\u00fcr die, die nicht alles selbst lesen wollen, haben wir das hier&nbsp;(ohne&nbsp;Anspruch auf absolute Vollst\u00e4ndigkeit)&nbsp;mal \u201eein wenig\u201c zusammengefasst. Einen guten \u00dcberblick bietet auch das Dokument <strong>\u201eCheckliste.pdf\u201c <\/strong>des Landesdatenschutzbeauftragten des Landes Niedersachsen unter dem zweiten Link.<\/p>\n\n\n\n<hr class=\"wp-block-separator\"\/>\n\n\n\n<p><strong>Was getan werden muss:<\/strong><\/p>\n\n\n\n<p><strong>Datenschutzerkl\u00e4rung f\u00fcr eure Webseite<\/strong><\/p>\n\n\n\n<ul><li><em>(muss ziemlich ausf\u00fchrlich sein, Informationspflicht nach Art. 12 ff DSGVO ).<\/em> Diese sollte so platziert sein, dass sie von \u00fcberall auf eurer Seite mit einem Klick ansteuerbar ist. Da muss ziemlich viel rein, inklusive aller Links zu Datenschutzerkl\u00e4rungen von Anbietern, die auf eurer Webseite eingebunden sind (z.B. Google Analytics, Google-Fonts, Akismet etc.). Es muss alles kenntlich gemacht werden. Da das ganze ziemlich weitreichend und kompliziert ist, haben wir den guten Tipp bekommen, uns den <strong>T3N-Datenschutzguide <\/strong><a href=\"https:\/\/t3n.de\/store\/order\/dsgvoguide\"><strong>https:\/\/t3n.de\/store\/order\/dsgvoguide<\/strong><\/a>&nbsp;mit entsprechenden Dokumenten f\u00fcr 100,- Euro zu kaufen. Dieser Guide f\u00fchrt euch Schritt f\u00fcr Schritt durch die Erstellung und bietet grunds\u00e4tzlich viele Infos zur DSGVO. Falls ihr euch aber selbst schlau machen wollt, k\u00f6nnt ihr das z.B. mit dem Kurzpapier Nr. 10 unter&nbsp;diesem Link&nbsp;tun:\n<ul><li><a href=\"http:\/\/www.lfd.niedersachsen.de\/startseite\/dsgvo\/anwendung_dsgvo_kurzpapiere\/ds-gvo---kurzpapiere-155196.html\" target=\"_blank\" rel=\"noreferrer noopener\">DSK-Kurzpapier Nr. 10: Informationspflichten<\/a><\/li><\/ul>\n<\/li><\/ul>\n\n\n\n<p><strong>Datenschutzrechtliche Einwilligung eurer Teilnehmer*innen&nbsp;und Mitglieder<\/strong><\/p>\n\n\n\n<ul><li><em>(Informationspflicht nach Art. 12 ff DSGVO)&nbsp;<\/em>bzw. aller Personen, von denen ihr personenbezogene Daten au\u00dferhalb eurer Webseite erhebt (Anmeldeunterlagen, Daten \u00fcber Kontaktformulare etc.) und speichert. Ggf. m\u00fcssen bei Vereinen Satzungsanpassungen vorgenommen werden, um dem neuen Datenschutz zu entsprechen. Falls nicht sollten Verein zumindest eine Gesch\u00e4ftsordnung oder Datenschutzverordnung erarbeiten. Diese muss dann auf der n\u00e4chsten Mitgliederversammlung beschlossen werden \u2013 es sei denn eure Satzung sagt was anderes. Auch eine ziemlich ausf\u00fchrliche Sache, f\u00fcr die man sich das Kurzpapier Nr. 10 anschauen sollte:\n<ul><li><a href=\"http:\/\/www.lfd.niedersachsen.de\/startseite\/dsgvo\/anwendung_dsgvo_kurzpapiere\/ds-gvo---kurzpapiere-155196.html\" target=\"_blank\" rel=\"noreferrer noopener\">DSK-Kurzpapier Nr. 10: Informationspflichten<\/a><\/li><\/ul>\n<\/li><\/ul>\n\n\n\n<p><strong>Thema Foto- und Videoaufnahmen eurer Teilnehmer*innen und Mitglieder<\/strong><\/p>\n\n\n\n<ul><li>Es gibt noch keine Regelung zu diesem Thema in der DSGVO bzw. sie ist sehr schwammig. Zurzeit gilt bis zu einer richterlichen Entscheidung auf Grundlage der DSGVO&nbsp;daher noch das Bundesdatenschutzgesetz (BDSG)&nbsp;bzw. das Kunsturhebergesetz (KUG) hier insbesondere die&nbsp;\u00a7 22 und ggf. auch \u00a7 23 (aber eher nicht).<\/li><li><strong>Nochmal wichtig zu wissen:<\/strong> Die Regelung mit mehreren&nbsp;Personen (mehr als 5 oder so)&nbsp;auf einem Bild etc. ggf. angelehnt an \u00a7 23 KUG greift in den meisten F\u00e4llen auf LARP nicht, da es sich nicht um \u00f6ffentliche Veranstaltungen handelt und meistens die Teilnehmer*innen das Hauptmotiv des Bildes sind. Au\u00dferdem sind sie weder \u201ePersonen der Zeitgeschichte\u201c, noch besteht ein \u201eh\u00f6heres Interesse der Kunst\u201c.&nbsp;&nbsp;Ein Blick in<br>\n\u00a722 KUG <a href=\"http:\/\/www.gesetze-im-internet.de\/kunsturhg\/__22.html\" target=\"_blank\" rel=\"noreferrer noopener\">http:\/\/www.gesetze-im-internet.de\/kunsturhg\/__22.html<\/a>&nbsp;und<br>\n\u00a723 KUG <a href=\"https:\/\/www.gesetze-im-internet.de\/kunsturhg\/__23.html\" target=\"_blank\" rel=\"noreferrer noopener\">https:\/\/www.gesetze-im-internet.de\/kunsturhg\/__23.html<\/a>&nbsp;lohnt sich.<br>\n<strong>Was bedeutet das ggf. f\u00fcr euch:<\/strong><\/li><li>Solange ihr nicht eine ziemlich ausf\u00fchrliche&nbsp;und unterschriebene Einverst\u00e4ndniserkl\u00e4rung jedes einzelnen eurer Teilnehmer*innen&nbsp;zum Anfertigen und Ver\u00f6ffentlichen der Foto- und Videoaufnahmen&nbsp;habt (AGB reicht&nbsp;hier nicht aus, da meistens zu schwammig und wenig konkret formuliert), solltet ihr vielleicht sicherheitshalber&nbsp;keine Aufnahmen ver\u00f6ffentlichen. Vor allem, weil ver\u00f6ffentlichte Fotos von allen einsehbar sind und damit einen guten Angriffspunkt bieten, den jeder sehen kann. Ein Muster f\u00fcr eine m\u00f6gliche Einverst\u00e4ndniserkl\u00e4rung f\u00fcr Foto- und Videoaufnahmen habe ich zusammengebastelt. Ihr findet sie&nbsp;hier:&nbsp;&nbsp;<em>folgt <\/em>und d\u00fcrft sie verwenden \u2013 immer in dem Wissen, dass es sich um kein durch einen Juristen abgesichertes Dokument handelt und die Bereitstellung keine Rechtsberatung darstellt.<br>\nEin weiteres Muster findet ihr auch auf Seite 35 dieses Dokuments (wie oben)&nbsp;hier: <a href=\"https:\/\/www.baden-wuerttemberg.datenschutz.de\/wp-content\/uploads\/2018\/03\/OH-Datenschutz-im-Verein-nach-der-DSGVO.pdf\" target=\"_blank\" rel=\"noreferrer noopener\">https:\/\/www.baden-wuerttemberg.datenschutz.de\/wp-content\/uploads\/2018\/03\/OH-Datenschutz-im-Verein-nach-der-DSGVO.pdf<\/a><\/li><li><strong>Was folgt ggf. daraus:<\/strong>\n<ul><li><strong>Entweder<\/strong> ihr holt euch r\u00fcckwirkend eine sehr ausf\u00fchrliche Einverst\u00e4ndniserkl\u00e4rung \u2013 ziemlich viel Arbeit und der R\u00fccklauf d\u00fcrfte bescheiden sein<\/li><li><strong>Oder<\/strong> ihr l\u00f6scht sicherheitshalber alle Aufnahmen aus vergangenen Veranstaltungen, bei denen ihr keine Einverst\u00e4ndniserkl\u00e4rung habt. Schade, aber sicherer. F\u00fcr aktuelle Veranstaltungen sollte ihr dann eine ausf\u00fchrliche Einverst\u00e4ndniserkl\u00e4rung (siehe oben) von jedem einzelnen unterschreiben lassen.<\/li><\/ul>\n<\/li><\/ul>\n\n\n\n<p><strong>Vertrag zur Auftragsdatenverarbeitung&nbsp;(ADV)<\/strong><\/p>\n\n\n\n<ul><li>mit Personen\/Unternehmen\/Organisationen, die f\u00fcr euch personenbezogene Daten verarbeiten \u2013 sogenannte Auftragsdatenverarbeiter. Darunter fallen auf jeden Fall eure Web-Server-Hosts (Webseiten&nbsp;und&nbsp;Online-Mailserver etc.)&nbsp;wie Strato o.\u00e4. aber ggf. auch Personen wie Steuerberater, ggf. Bank etc. Da m\u00fcsst ihr f\u00fcr euch pr\u00fcfen, was bei euch der Fall ist und es mit euren Auftragsdatenverarbeitern abkl\u00e4ren. Die Server-Hosts haben normalerweise Standard-Formulare zum Anklicken.<\/li><\/ul>\n\n\n\n<p><strong>Verzeichnis der Verarbeitungst\u00e4tigkeiten (VVT)<\/strong><\/p>\n\n\n\n<ul><li>\u00fcber alle Prozesse, die bei euch in der Orga (und somit in der GbR) oder im Verein laufen und mit personenbezogenen Daten zu tun haben. <strong>Ziemlich viel Arbeit, also besser fr\u00fch damit anfangen!<\/strong><br> Offiziell eigentlich erst bei mehr als 250 Mitarbeitern\/Mitgliedern ben\u00f6tigt. Es gibt aber die Klausel, dass man sowas doch braucht, wenn man \u201enicht nur gelegentlich\u201c mit personenbezogenen Daten hantiert. Darunter f\u00e4llt z.B. bei Vereinen&nbsp;die allj\u00e4hrliche Aufforderung zum \u00dcberweisen der Mitgliedsbeitr\u00e4ge oder auch die allj\u00e4hrliche Einladung zur Versammlung, bei Orgas sowas wie Newsletter, Einladungen zu Veranstaltungen etc.. Von daher gilt es eigentlich f\u00fcr alle.<br> Dazu, was das ist und wie man das macht findet ihr im Anhang ein paar informative Dokumente aus verschiedenen Quellen. Konkret sind folgende Dokumente daf\u00fcr wichtig, die ihr unter folgenden Links findet:<\/li><li><a href=\"https:\/\/orga-support.gflr.de\/wp-content\/uploads\/2020\/01\/01_Vorlage-Verzeichnis-von-Verarbeitungst\u00e4tigkeiten.docx\">Word-Vorlage zu Verzeichnis von Verarbeitungst\u00e4tigkeiten<\/a> <\/li><li><a rel=\"noreferrer noopener\" href=\"https:\/\/dsb.ruhr-uni-bochum.de\/wp-content\/uploads\/sites\/4\/2011\/12\/VV-Anleitung.pdf\" target=\"_blank\">VV-Anleitung der Uni Bochum (pdf)<\/a><\/li><li><a rel=\"noreferrer noopener\" href=\"https:\/\/www.lfd.niedersachsen.de\/startseite\/dsgvo\/anwendung_dsgvo_kurzpapiere\/ds-gvo---kurzpapiere-155196.html\" target=\"_blank\">DSK-Kurzpapiere Nr. 1 (VVT) und Nr. 16 (Gemeinsam Verantwortliche)<\/a><\/li><li><a rel=\"noreferrer noopener\" href=\"https:\/\/dsb.ruhr-uni-bochum.de\/wp-content\/uploads\/sites\/4\/2011\/12\/VV-Anleitung.pdf\" target=\"_blank\">VV-Anleitung der Uni Bochum<\/a><\/li><li><a rel=\"noreferrer noopener\" href=\"https:\/\/www.lfd.niedersachsen.de\/themen\/wirtschaft\/verfahrensverzeicnis_und_verfahrensregister_nach_bdsg\/verfahrensregister-und-verfahrensbeschreibung-fuer-den-nicht-oeffentlichen-bereich-56247.html\" target=\"_blank\">Hinweise zum VVT Art. 30 des Landesdatenschutzbauftragten Niedersachsen&nbsp;(pdf)<\/a><br> (pdf zum Download rechts&nbsp;auf der Link-Seite)<\/li><\/ul>\n\n\n\n<p><strong>Technische und organisatorische Ma\u00dfnahmen (TOM) nach Art. 42 DSGVO<\/strong><\/p>\n\n\n\n<ul><li>Zum VVT geh\u00f6rt auch ein Verzeichnis der technischen und organisatorischen Ma\u00dfnahmen, die ihr trefft, um die bei euch verarbeiteten personenbezogenen Daten zu sch\u00fctzen. Wichtig ist hierbei vor allem der Satz 1 im Art. 32:<br>\n\u201e<em>Unter Ber\u00fccksichtigung des Stands der Technik, der Implementierungskosten und der Art, des Umfangs, der Umst\u00e4nde und der Zwecke der Verarbeitung sowie der unterschiedlichen Eintrittswahrscheinlichkeit und Schwere des Risikos f\u00fcr die Rechte und Freiheiten nat\u00fcrlicher Personen treffen der Verantwortliche und der Auftragsverarbeiter geeignete technische und organisatorische Ma\u00dfnahmen, um ein dem Risiko angemessenes Schutzniveau zu gew\u00e4hrleisten; (\u2026)\u201c<br>\n<\/em>Es geht also um die Verh\u00e4ltnism\u00e4\u00dfigkeit in Bezug auf die Art eurer Daten und das Risiko f\u00fcr Betroffene. Das ist im LARP relativ gering, solange ihr keine Daten \u201ebesonderer Kategorie\u201c erhebt (darunter fallen z.B. Gesundheitsdaten wie&nbsp;Allergien etc.) \u2013 siehe auch \u201eBesondere Kategorien personenbezogener Daten\u201c weiter unten auf dieser Seite.<br>\nTrotzdem m\u00fcsst ihr ein Verzeichnis der TOM anlegen. Schaut euch hierzu bitte die entsprechenden Seiten&nbsp;in den&nbsp;Dokumenten unter folgenden Links&nbsp;&nbsp;an:\n<ul><li><a href=\"https:\/\/www.lfd.niedersachsen.de\/themen\/wirtschaft\/verfahrensverzeicnis_und_verfahrensregister_nach_bdsg\/verfahrensregister-und-verfahrensbeschreibung-fuer-den-nicht-oeffentlichen-bereich-56247.html\" target=\"_blank\" rel=\"noreferrer noopener\">Hinweise zum Verzeichnis von Verarbeitungst\u00e4tigkeiten S. 8-12&nbsp;<\/a><br>\n(pdf zum Download rechts&nbsp;auf der Link-Seite)<\/li><li><a href=\"https:\/\/dsb.ruhr-uni-bochum.de\/wp-content\/uploads\/sites\/4\/2011\/12\/VV-Anleitung.pdf\" target=\"_blank\" rel=\"noreferrer noopener\">VV-Anleitung der Uni Bochum S. 4-5<\/a><\/li><\/ul>\n<\/li><\/ul>\n\n\n\n<p><strong>Verschwiegenheitserkl\u00e4rung<\/strong><\/p>\n\n\n\n<ul><li>Ihr solltet&nbsp;die Personen in eurer Orga\/in eurem Verein, die mit personenbezogenen Daten arbeiten, eine Verschwiegenheitserkl\u00e4rung unterzeichnen lassen. Geh\u00f6rt u.a. auch mit zu den TOM.<\/li><\/ul>\n\n\n\n<p><strong>ggf. Datenschutzbeauftragter nach Art. 37 f DSGVO<\/strong><\/p>\n\n\n\n<ul><li>Unter bestimmen Voraussetzungen m\u00fcsst ihr einen Datenschutzbeauftragten bestellen (der darf nicht Mitglied des Vorstands sein) und diesen der entsprechenden Beh\u00f6rde melden. Mit Gerichtsbeschluss vom 25.11.2019 ist die Grenze der Personen, die st\u00e4ndig mit personenbezogenen Daten arbeiten, ohne dass man einen Datenschutzbeauftragten bestellen muss, von 10 Personen auf 20 Personen angehoben worden um gemeinn\u00fctzigen Organisationen und Vereinen unter die Arme zu greifen.<br>F\u00fcr uns trifft das nicht zu, wir kommen nicht \u00fcber 20 Personen. Wann man&nbsp;davon betroffen ist kann zus\u00e4tzlich zur 20-Personen-Regelung in unten angegebem Dokument nachgelesen werden &#8211; da steht noch die 10-Personen-Regelung drin, die ist nicht mehr aktuell. Wen das betrifft, der sollte sich grunds\u00e4tzlich nochmal \u00fcberlegen, den Personenkreis, der mit Daten arbeitet bzw. Zugriff darauf hat, drastisch zu verschlanken bzw. bestimmte Daten nicht mehr zu erheben um ggf. doch keinen Datenschutzbeauftragten bestellen zu m\u00fcssen! Infos zum Datenschutzbeauftragten findet ihr in folgendem Kurzpapier der DSK: <ul><li><a rel=\"noreferrer noopener\" href=\"https:\/\/www.lfd.niedersachsen.de\/startseite\/dsgvo\/anwendung_dsgvo_kurzpapiere\/ds-gvo---kurzpapiere-155196.html\" target=\"_blank\">DSK-Kurzpapier Nr. 12: Datenschutzbeauftragter<\/a> <\/li><\/ul><\/li><\/ul>\n\n\n\n<p><strong>ggf. Datenschutzfolgeabsch\u00e4tzung<\/strong><\/p>\n\n\n\n<ul><li>Wenn ihr mit sensiblen Daten arbeitet, die ein hohes Risiko f\u00fcr Betroffene darstellen, m\u00fcsst ihr eine Datenschutzfolgeabsch\u00e4tzung machen. Trifft au\u00dfer bei Gesundheitsdaten auf uns und wahrscheinlich auch auf euch&nbsp;meist nicht zu. Von daher besser nicht mehr nach Allergien etc. fragen, sondern eher nach \u201ewas magst du nicht essen\u201c oder so. Info hierzu im Kurzpapier Nr. 5 der DSK unter dem Link oben:\n<ul><li><a href=\"https:\/\/www.lfd.niedersachsen.de\/startseite\/dsgvo\/anwendung_dsgvo_kurzpapiere\/ds-gvo---kurzpapiere-155196.html\" target=\"_blank\" rel=\"noreferrer noopener\">DSK-Kurzpapier Nr. 15: Datenschutz-Folgeabsch\u00e4tzung<\/a><\/li><\/ul>\n<\/li><\/ul>\n\n\n\n<p><strong>\u201eBesondere Kategorien personenbezogener Daten\u201c<\/strong><\/p>\n\n\n\n<ul><li>Im LARP vor allem auf Gesundheitsdaten bez. Allergien, Krankheiten etc. bezogen. <strong>Solltet ihr nicht erheben. Punkt.&nbsp;<\/strong>Das ist am einfachsten. Erhebt ihr sie doch, folgt: Bestellung eines Datenschutzbeauftragten, Datenschutzfolgeabsch\u00e4tzung, versch\u00e4rfte TOM etc.<br>\nAlternative zum Abfragen von Lebensmittel-Allergien: Was m\u00f6chtest du nicht essen?<br>\nF\u00fcr alle anderen Allergien sind die TN selbst verantwortlich, diese mit entsprechenden Personen zu kommunizieren (sowas wie Penicilin-Allergie mit Rettungskr\u00e4ften etc.) \u2013 nicht eure Baustelle!<br>\nWelche Daten genau diese Kategorien umfassen k\u00f6nnt ihr imKurzpapier Nr.&nbsp;17 der DAK&nbsp;nachlesen:\n<ul><li><a href=\"https:\/\/www.lfd.niedersachsen.de\/startseite\/dsgvo\/anwendung_dsgvo_kurzpapiere\/ds-gvo---kurzpapiere-155196.html\" target=\"_blank\" rel=\"noreferrer noopener\">DSK-Kurzpapier Nr. 17: Besondere Kategorien personenbezogener Daten<\/a><\/li><\/ul>\n<\/li><\/ul>\n\n\n\n<hr class=\"wp-block-separator\"\/>\n\n\n\n<p>F\u00fcr&nbsp;R\u00fcckfragen stehe ich euch wie immer gerne zur Verf\u00fcgung und w\u00fcnsche euch gutes Durchhalten beim Umsetzen!<\/p>\n\n\n\n<p>Viele Gr\u00fc\u00dfe<br> Kim<br> <em>1. Vorsitzende der Gesellschaft f\u00fcr Live-Rollenspiel e.V.<\/em><\/p>\n","protected":false},"excerpt":{"rendered":"<p>Liebe LARP-Orgas und LARP-Vereine, hier ein&nbsp;paar Infos&nbsp;zur Datenschutzgrundverordnung EU-DSGVO, die f\u00fcr uns alle ab dem 25.05.18 gilt und bindend ist. Wir stellen euch hier unseren Kenntnisstand zum Thema EU-DSGVO&nbsp;zur Verf\u00fcgung, um es euch vielleicht ein wenig leichter zu machen. Der Deutsche Liverollenspiel-Verband bietet euch \u00fcber uns ebenfalls eine gute Info zu diesem Thema und angeschlossene &hellip; <\/p>\n","protected":false},"author":1,"featured_media":0,"parent":0,"menu_order":0,"comment_status":"closed","ping_status":"closed","template":"","meta":{"footnotes":""},"_links":{"self":[{"href":"https:\/\/orga-support.gflr.de\/index.php?rest_route=\/wp\/v2\/pages\/55"}],"collection":[{"href":"https:\/\/orga-support.gflr.de\/index.php?rest_route=\/wp\/v2\/pages"}],"about":[{"href":"https:\/\/orga-support.gflr.de\/index.php?rest_route=\/wp\/v2\/types\/page"}],"author":[{"embeddable":true,"href":"https:\/\/orga-support.gflr.de\/index.php?rest_route=\/wp\/v2\/users\/1"}],"replies":[{"embeddable":true,"href":"https:\/\/orga-support.gflr.de\/index.php?rest_route=%2Fwp%2Fv2%2Fcomments&post=55"}],"version-history":[{"count":8,"href":"https:\/\/orga-support.gflr.de\/index.php?rest_route=\/wp\/v2\/pages\/55\/revisions"}],"predecessor-version":[{"id":389,"href":"https:\/\/orga-support.gflr.de\/index.php?rest_route=\/wp\/v2\/pages\/55\/revisions\/389"}],"wp:attachment":[{"href":"https:\/\/orga-support.gflr.de\/index.php?rest_route=%2Fwp%2Fv2%2Fmedia&parent=55"}],"curies":[{"name":"wp","href":"https:\/\/api.w.org\/{rel}","templated":true}]}}