{"id":87,"date":"2018-12-23T09:23:08","date_gmt":"2018-12-23T09:23:08","guid":{"rendered":"https:\/\/orga-support.gflr.de\/?page_id=87"},"modified":"2020-05-12T17:10:09","modified_gmt":"2020-05-12T17:10:09","slug":"literaturlinks","status":"publish","type":"page","link":"https:\/\/orga-support.gflr.de\/?page_id=87","title":{"rendered":"Netzwerk, Literatur &#038; Links"},"content":{"rendered":"\n<hr class=\"wp-block-separator\"\/>\n\n\n\n<h4 class=\"wp-block-heading\">Dachverband DLRV e.V.<\/h4>\n\n\n\n<p>Live-Rollenspiel hat auch einen <strong>Dachverband<\/strong>, der sich um die Belange des Hobbies und der Akteure in diesem Hobby k\u00fcmmert: Den <strong>Deutschen Liverollenspiel-Verband<\/strong>. Eine Mitgliedschaft bringt euch als gemeinn\u00fctzigem Verein verschiedene Vorteile:<\/p>\n\n\n\n<ul class=\"wp-block-list\"><li>Rahmenvertrag mit der Sixt Autovermietung f\u00fcr g\u00fcnstigere Konditionen<\/li><li>LARPzeit-Abonnement f\u00fcr euren Verein<\/li><li>Versicherung \u00fcber den Dachverband (zurzeit in Planung, noch nicht aktuell &#8211; aber der Vorstand ist dran)<\/li><li>Beratung zu verschiedenen Themenfeldern wie z.B. Datenschutz, F\u00f6rdermittelbeantragung, Rechtsberatung und Beratung in Steuerfragen (die letzten beiden Punkte sind noch in Planung)<\/li><li>Ausrichtung der LARP-Konferenz &#8222;Mittelpunkt&#8220; f\u00fcr LARPer*innen von LARPer*innen<\/li><li><a rel=\"noreferrer noopener\" aria-label=\"Leitbild f\u00fcr LARP (\u00f6ffnet in neuem Tab)\" href=\"https:\/\/www.dlrv.eu\/leitbild\/\" target=\"_blank\">Leitbild f\u00fcr LARP<\/a><\/li><li><a href=\"https:\/\/www.dlrv.eu\/projekte__trashed\/netzwerk-safety-in-larp\/\" target=\"_blank\" rel=\"noreferrer noopener\" aria-label=\"Netzwerk Safety in LARP (\u00f6ffnet in neuem Tab)\">Netzwerk Safety in LARP<\/a><\/li><\/ul>\n\n\n\n<p>N\u00e4here Infos zum Deutschen Liverollenspiel-Verband findet ihr auf der <a href=\"http:\/\/www.dlrv.eu\/\">Homepage des Verbandes<\/a> oder auf deren<a href=\"https:\/\/www.facebook.com\/search\/top\/?q=deutscher%20liverollenspiel-verband&amp;epa=SEARCH_BOX\"> Facebook-Seite<\/a>. Au\u00dferdem gibt euch die Gesch\u00e4ftsstelle des DLRV gerne Auskunft zu allen Fragen zum Dachverband. Ihr erreicht sie unter &#x73;e&#x72;&#118;i&#x63;&#101;&#x40;&#100;l&#x72;&#118;&#x2e;&#101;u<\/p>\n\n\n\n<hr class=\"wp-block-separator\"\/>\n\n\n\n<h4 class=\"wp-block-heading\">LarpGate<\/h4>\n\n\n\n<p>Plattform zur Vernetzung von LARPer*innen und Orgas mit einem tollen Orga-tool zur Organisation von Veranstaltungen. Das Team von LarpGate bem\u00fcht sich sehr um darum, unser Hobby voran zu bringen und auf eine professionellere Eben zu heben, die uns allen die Arbeit leichter macht.<\/p>\n\n\n\n<p>Schaut es euch doch einfach mal an:<\/p>\n\n\n\n<p class=\"has-text-align-center\"><a href=\"https:\/\/larpgate.com\/\">https:\/\/larpgate.com\/<\/a><\/p>\n\n\n\n<hr class=\"wp-block-separator\"\/>\n\n\n\n<h4 class=\"wp-block-heading\">Knudepunkt-Books<\/h4>\n\n\n\n<p>Als Orga und Verein macht es manchmal Sinn, den eigenen Horizont zu erweitern und sich in der Literatur zu verschiedenen Themen rund um LARP schlau zu machen. <\/p>\n\n\n\n<p>Hierf\u00fcr eignen sich besonders gut die Aufsatzsammlungen der skandinavischen LARP-Konferenz &#8222;Knudepunkt&#8220;, die man kostenfrei im Internet als Downlaod beziehen kann.<\/p>\n\n\n\n<p>Diese findet ihr hier: <a href=\"https:\/\/nordiclarp.org\/wiki\/Knutepunkt-books\">Knudepunkt-Books<\/a><\/p>\n\n\n\n<hr class=\"wp-block-separator\"\/>\n\n\n\n<h4 class=\"wp-block-heading\">Publikationen GfLR e.V.<\/h4>\n\n\n\n<p>Auch die GfLR e.V. hat ein paar Publikationen zum Thema Live-Rollenspiel und assoziierten Themen verfasst &#8211; darunter z.B. auch eine Sicherheitsanalyse zum Thema LARP uvm.<\/p>\n\n\n\n<p>Diese Publikationen findet ihr auf unserer <a href=\"https:\/\/www.gflr.de\/publikationen\/\">Homepage<\/a>.<\/p>\n\n\n\n<hr class=\"wp-block-separator\"\/>\n\n\n\n<h4 class=\"wp-block-heading\">Zauberwelten-Online<\/h4>\n\n\n\n<p>Zauberwelten-Online ist &#8211; wie der Name schon sagt &#8211; ein Online-Magazin, dass sich auch mit dem Thema LARP besch\u00e4ftigt und Artikel dazu ver\u00f6ffentlicht:<\/p>\n\n\n\n<p class=\"has-text-align-center\"><a href=\"https:\/\/www.zauberwelten-online.de\/\">https:\/\/www.zauberwelten-online.de\/<\/a><\/p>\n\n\n\n<hr class=\"wp-block-separator\"\/>\n\n\n\n<h4 class=\"wp-block-heading\">Teilzeithelden<\/h4>\n\n\n\n<p>Teilzeithelden ist ein Online-Magazin, dass sich unter anderem viel mit dem Thema LARP besch\u00e4ftigt und dessen Redakteur*innen oft auch erfahrene LARPer*innen sind, die interessante Berichte \u00fcber unser Hobby verfassen.<\/p>\n\n\n\n<p class=\"has-text-align-center\"><a href=\"https:\/\/www.teilzeithelden.de\/\">https:\/\/www.teilzeithelden.de\/<\/a><br><\/p>\n\n\n\n<hr class=\"wp-block-separator\"\/>\n\n\n\n<h4 class=\"wp-block-heading\">Zauberfeder-Verlag<\/h4>\n\n\n\n<p>Wer es lieber analog als digital zum Nachlesen mag, der findet auf den Seiten des Zauberfeder-Verlags jede Menge Literatur zu vielen verschiedenen Themen des LARP &#8211; unter anderem auch die einzige LARP-Zeitschrift Deutschlands: Die &#8222;LARPzeit&#8220;<\/p>\n\n\n\n<p class=\"has-text-align-center\"><a href=\"https:\/\/zauberfeder-shop.de\/\">Zauberfeder-Shop<\/a><br><\/p>\n\n\n\n<hr class=\"wp-block-separator\"\/>\n\n\n\n<h4 class=\"wp-block-heading\">Podcasts<\/h4>\n\n\n\n<p>Es gibt inzwischen einige interessante Podcasts, die sich haupts\u00e4chlich mit dem Thema LARP besch\u00e4ftigen. Hier eine kleine Aufstellung (ohne Anspruch auf Vollst\u00e4ndigkeit) &#8211; h\u00f6rt doch mal rein:<\/p>\n\n\n\n<p><a rel=\"noreferrer noopener\" aria-label=\"OT-Blase - Der LARP-Podcast (\u00f6ffnet in neuem Tab)\" href=\"https:\/\/www.youtube.com\/channel\/UC74zKRzUJHj-nRj20xpEvBQ\" target=\"_blank\">OT-Blase &#8211; Der LARP-Podcast<\/a><\/p>\n\n\n\n<p><a rel=\"noreferrer noopener\" aria-label=\"Jetzt mal kurz OT (\u00f6ffnet in neuem Tab)\" href=\"https:\/\/jetztmalkurzot.podigee.io\/about\" target=\"_blank\">Jetzt mal kurz OT<\/a><\/p>\n\n\n\n<p><a rel=\"noreferrer noopener\" aria-label=\"Der WESTMYND-LARP-Podcast (\u00f6ffnet in neuem Tab)\" href=\"https:\/\/www.westmynd.de\/podcast\/\" target=\"_blank\">Der WESTMYND-LARP-Podcast<\/a><\/p>\n\n\n\n<p><a rel=\"noreferrer noopener\" aria-label=\"Spiel\u00b4s aus - Der LARP und P&amp;P-Podcast (\u00f6ffnet in neuem Tab)\" href=\"https:\/\/www.spielsaus.de\/\" target=\"_blank\">Spiel\u00b4s aus &#8211; Der LARP und P&amp;P-Podcast<\/a><\/p>\n\n\n\n<hr class=\"wp-block-separator\"\/>\n\n\n\n<h4 class=\"wp-block-heading\">Online-Magazin zu Nordic LARP<\/h4>\n\n\n\n<p>Wer schon immer mal mehr \u00fcber Nordic LARP lesen wollte, findet hier jede Menge Artikel und anderes zu diesem Thema:<\/p>\n\n\n\n<p><a rel=\"noreferrer noopener\" aria-label=\"Nordic Larp - an online magazine on Nordic Larp (\u00f6ffnet in neuem Tab)\" href=\"https:\/\/nordiclarp.org\/\" target=\"_blank\">Nordic Larp &#8211; an online magazine on Nordic Larp<\/a><\/p>\n\n\n\n<hr class=\"wp-block-separator\"\/>\n\n\n\n<h4 class=\"wp-block-heading\">Homepage zur Entwicklung von Pre&amp;After-Con-Workshops<\/h4>\n\n\n\n<p><a href=\"https:\/\/workshophandbook.wordpress.com\/\" target=\"_blank\" rel=\"noreferrer noopener\">The Workshop Handbook &#8211; Methods for LARP-Workshops<\/a><\/p>\n","protected":false},"excerpt":{"rendered":"<p>Dachverband DLRV e.V. Live-Rollenspiel hat auch einen Dachverband, der sich um die Belange des Hobbies und der Akteure in diesem Hobby k\u00fcmmert: Den Deutschen Liverollenspiel-Verband. Eine Mitgliedschaft bringt euch als gemeinn\u00fctzigem Verein verschiedene Vorteile: Rahmenvertrag mit der Sixt Autovermietung f\u00fcr g\u00fcnstigere Konditionen LARPzeit-Abonnement f\u00fcr euren Verein Versicherung \u00fcber den Dachverband (zurzeit in Planung, noch nicht &hellip; <\/p>\n","protected":false},"author":1,"featured_media":0,"parent":0,"menu_order":0,"comment_status":"closed","ping_status":"closed","template":"","meta":{"footnotes":""},"class_list":["post-87","page","type-page","status-publish","hentry"],"_links":{"self":[{"href":"https:\/\/orga-support.gflr.de\/index.php?rest_route=\/wp\/v2\/pages\/87","targetHints":{"allow":["GET"]}}],"collection":[{"href":"https:\/\/orga-support.gflr.de\/index.php?rest_route=\/wp\/v2\/pages"}],"about":[{"href":"https:\/\/orga-support.gflr.de\/index.php?rest_route=\/wp\/v2\/types\/page"}],"author":[{"embeddable":true,"href":"https:\/\/orga-support.gflr.de\/index.php?rest_route=\/wp\/v2\/users\/1"}],"replies":[{"embeddable":true,"href":"https:\/\/orga-support.gflr.de\/index.php?rest_route=%2Fwp%2Fv2%2Fcomments&post=87"}],"version-history":[{"count":30,"href":"https:\/\/orga-support.gflr.de\/index.php?rest_route=\/wp\/v2\/pages\/87\/revisions"}],"predecessor-version":[{"id":376,"href":"https:\/\/orga-support.gflr.de\/index.php?rest_route=\/wp\/v2\/pages\/87\/revisions\/376"}],"wp:attachment":[{"href":"https:\/\/orga-support.gflr.de\/index.php?rest_route=%2Fwp%2Fv2%2Fmedia&parent=87"}],"curies":[{"name":"wp","href":"https:\/\/api.w.org\/{rel}","templated":true}]}}